{"id":2579,"date":"2015-01-29T11:39:23","date_gmt":"2015-01-29T11:39:23","guid":{"rendered":"http:\/\/localhost\/oil-change\/?page_id=2579"},"modified":"2018-03-25T22:54:47","modified_gmt":"2018-03-25T22:54:47","slug":"opel-corsa-d-motorol-fullmenge","status":"publish","type":"page","link":"https:\/\/oil-change.info\/de\/opel-corsa-d-motorol-fullmenge\/","title":{"rendered":"Opel Corsa D Motor\u00f6l f\u00fcllmenge"},"content":{"rendered":"<p>\n<ul>\n \t<li><strong>Motor: <\/strong>Motorcode. Eine Reihe von Buchstaben und Zahlen. Dies umfasst das Motorblockmodell und die Motorfamilie. Der Motorcode kann auch andere Informationen \u00fcber den Motor enthalten.<\/li>\n \t<li><strong>F\u00fcllmenge: <\/strong>F\u00fcllmenge (gesamt) \/ Filterkapazit\u00e4t.\nLiter oder US-Quarts.<\/li>\n \t<li><strong>Intervall: <\/strong>\u00d6lwechsel Intervall. Das Motor\u00f6l sollte sp\u00e4testens nach dieser Zeit oder nach km\/Meilen gewechselt werden, je nachdem, was zuerst eintritt.<\/li>\n<\/ul>\n\n<strong>Modell:\u00a0Opel\u00a0Corsa D, S07 (2006 &#8211; 2015)<\/strong><\/p>\n<table border=\"1\">\n<tbody>\n<tr>\n<th><img loading=\"lazy\" decoding=\"async\" class=\"alignnone size-full wp-image-6694\" src=\"https:\/\/oil-change.info\/de\/wp-content\/uploads\/opel_corsa_d.jpg\" alt=\"Opel\u00a0Corsa D, S07 (2006 - 2015)\" width=\"132\" height=\"88\" \/><\/th>\n<th>Motor<\/th>\n<th>F\u00fcllmenge<\/th>\n<th>Intervall<\/th>\n<\/tr>\n<tr>\n<td>Corsa D 1.0 12V (44 kW) (2006 &#8211; 2010)<\/td>\n<td>Z10XEP<\/td>\n<td>3<\/td>\n<td>30 000 km\/ 12 Monate<\/td>\n<\/tr>\n<tr>\n<td>Corsa D 1.0 12V (48 kW) (2010 &#8211; 2011)<\/td>\n<td>A10XEP<\/td>\n<td>3<\/td>\n<td>30 000 km\/ 12 Monate<\/td>\n<\/tr>\n<tr>\n<td>Corsa D 1.0 12V (48 kW) (2011 &#8211; 2015)<\/td>\n<td>A10XEP<\/td>\n<td>3<\/td>\n<td>30 000 km\/ 12 Monate<\/td>\n<\/tr>\n<tr>\n<td>Corsa D 1.2 16V (51 kW) (2010 &#8211; 2011)<\/td>\n<td>A12XEL<\/td>\n<td>4<\/td>\n<td>30 000 km\/ 12 Monate<\/td>\n<\/tr>\n<tr>\n<td>Corsa D 1.2 16V (51 kW) (2011 &#8211; 2015)<\/td>\n<td>A12XEL<\/td>\n<td>4<\/td>\n<td>30 000 km\/ 12 Monate<\/td>\n<\/tr>\n<tr>\n<td>Corsa D 1.2 16V (59 kW) (2006 &#8211; 2010)<\/td>\n<td>Z12XEP<\/td>\n<td>3.5<\/td>\n<td>30 000 km\/ 12 Monate<\/td>\n<\/tr>\n<tr>\n<td>Corsa D 1.2 16V (59 kW) LPG (2009 &#8211; 2010)<\/td>\n<td>Z12XEP LPG<\/td>\n<td>3.5<\/td>\n<td>30 000 km\/ 12 Monate<\/td>\n<\/tr>\n<tr>\n<td>Corsa D 1.2 16V (63 kW) (2010 &#8211; 2011)<\/td>\n<td>A12XER<\/td>\n<td>4<\/td>\n<td>30 000 km\/ 12 Monate<\/td>\n<\/tr>\n<tr>\n<td>Corsa D 1.2 16V (63 kW) (2011 &#8211; 2015)<\/td>\n<td>A12XER<\/td>\n<td>4<\/td>\n<td>30 000 km\/ 12 Monate<\/td>\n<\/tr>\n<tr>\n<td>Corsa D 1.2 16V (63 kW) LPG (2011 &#8211; 2015)<\/td>\n<td>A12XER LPG<\/td>\n<td>4<\/td>\n<td>30 000 km\/ 12 Monate<\/td>\n<\/tr>\n<tr>\n<td>Corsa D 1.4 16V (64 kW) (2010 &#8211; 2011)<\/td>\n<td>A14XEL (L2Z)<\/td>\n<td>4<\/td>\n<td>30 000 km\/ 12 Monate<\/td>\n<\/tr>\n<tr>\n<td>Corsa D 1.4 16V (64 kW) (2011 &#8211; 2015)<\/td>\n<td>A14XEL (L2Z)<\/td>\n<td>4<\/td>\n<td>30 000 km\/ 12 Monate<\/td>\n<\/tr>\n<tr>\n<td>Corsa D 1.4 16V (66 kW) (2006 &#8211; 2010)<\/td>\n<td>Z14XEP<\/td>\n<td>3.5<\/td>\n<td>30 000 km\/ 12 Monate<\/td>\n<\/tr>\n<tr>\n<td>Corsa D 1.4 16V (66 kW) LPG (2009 &#8211; 2010)<\/td>\n<td>Z14XEP LPG<\/td>\n<td>3.5<\/td>\n<td>30 000 km\/ 12 Monate<\/td>\n<\/tr>\n<tr>\n<td>Corsa D 1.4 16V (74 kW) (2010 &#8211; 2011)<\/td>\n<td>A14XER<\/td>\n<td>4<\/td>\n<td>30 000 km\/ 12 Monate<\/td>\n<\/tr>\n<tr>\n<td>Corsa D 1.4 16V (74 kW) (2011 &#8211; 2015)<\/td>\n<td>A14XER<\/td>\n<td>4<\/td>\n<td>30 000 km\/ 12 Monate<\/td>\n<\/tr>\n<tr>\n<td>Corsa D 1.4 Turbo (88 kW) (2012 &#8211; 2015)<\/td>\n<td>A14NEL (LUH)<\/td>\n<td>4<\/td>\n<td>30 000 km\/ 12 Monate<\/td>\n<\/tr>\n<tr>\n<td>Corsa D 1.6 Turbo (110 kW) (2007 &#8211; 2010)<\/td>\n<td>Z16LEL<\/td>\n<td>4.5\u00a0Trockenf\u00fcllung<\/td>\n<td>30 000 km\/ 12 Monate<\/td>\n<\/tr>\n<tr>\n<td>Corsa D 1.6 Turbo (110 kW) (2010 &#8211; 2011)<\/td>\n<td>A16LEL<\/td>\n<td>4.5\u00a0Trockenf\u00fcllung<\/td>\n<td>30 000 km\/ 12 Monate<\/td>\n<\/tr>\n<tr>\n<td>Corsa D 1.6 Turbo (110 kW) (2011 &#8211; 2012)<\/td>\n<td>A16LEL<\/td>\n<td>4.5\u00a0Trockenf\u00fcllung<\/td>\n<td>30 000 km\/ 12 Monate<\/td>\n<\/tr>\n<tr>\n<td>Corsa D OPC (2007 &#8211; 2010)<\/td>\n<td>Z16LER<\/td>\n<td>4.5\u00a0Trockenf\u00fcllung<\/td>\n<td>30 000 km\/ 12 Monate<\/td>\n<\/tr>\n<tr>\n<td>Corsa D OPC (2010 &#8211; 2011)<\/td>\n<td>A16LER<\/td>\n<td>4.5\u00a0Trockenf\u00fcllung<\/td>\n<td>30 000 km\/ 12 Monate<\/td>\n<\/tr>\n<tr>\n<td>Corsa D OPC (2011 &#8211; 2014)<\/td>\n<td>A16LER<\/td>\n<td>4.5\u00a0Trockenf\u00fcllung<\/td>\n<td>30 000 km\/ 12 Monate<\/td>\n<\/tr>\n<tr>\n<td>Corsa D OPC N\u00fcrburgring Edition (2011 &#8211; 2015)<\/td>\n<td>A16LES<\/td>\n<td>4.5\u00a0Trockenf\u00fcllung<\/td>\n<td>30 000 km\/ 12 Monate<\/td>\n<\/tr>\n<tr>\n<td>Corsa D 1.3 CDTI (55 kW) (2006 &#8211; 2010)<\/td>\n<td>Z13DTJ<\/td>\n<td>3.5<\/td>\n<td>30 000 km\/ 12 Monate<\/td>\n<\/tr>\n<tr>\n<td>Corsa D 1.3 CDTI (55 kW) (2010 &#8211; 2011)<\/td>\n<td>A13DTC (LDV)<\/td>\n<td>3.5<\/td>\n<td>30 000 km\/ 12 Monate<\/td>\n<\/tr>\n<tr>\n<td>Corsa D 1.3 CDTI (55 kW) (2011 &#8211; 2015)<\/td>\n<td>A13DTC (LDV)<\/td>\n<td>3.5<\/td>\n<td>30 000 km\/ 12 Monate<\/td>\n<\/tr>\n<tr>\n<td>Corsa D 1.3 CDTI (66 kW) (2006 &#8211; 2010)<\/td>\n<td>Z13DTH<\/td>\n<td>3.5<\/td>\n<td>30 000 km\/ 12 Monate<\/td>\n<\/tr>\n<tr>\n<td>Corsa D 1.3 CDTI (70 kW) (2009 &#8211; 2011)<\/td>\n<td>Z13DTE<\/td>\n<td>3.5<\/td>\n<td>30 000 km\/ 12 Monate<\/td>\n<\/tr>\n<tr>\n<td>Corsa D 1.3 CDTI (70 kW) (2011 &#8211; 2015)<\/td>\n<td>A13DTE (LSF)<\/td>\n<td>3.5<\/td>\n<td>30 000 km\/ 12 Monate<\/td>\n<\/tr>\n<tr>\n<td>Corsa D 1.3 CDTI (70 kW) (2010 &#8211; 2011)<\/td>\n<td>Z13DTR<\/td>\n<td>3.5<\/td>\n<td>30 000 km\/ 12 Monate<\/td>\n<\/tr>\n<tr>\n<td>Corsa D 1.3 CDTI (70 kW) (2011 &#8211; 2015)<\/td>\n<td>A13DTE (LSF)<\/td>\n<td>3.5<\/td>\n<td>30 000 km\/ 12 Monate<\/td>\n<\/tr>\n<tr>\n<td>Corsa D 1.7 CDTI (92 kW) (2006 &#8211; 2010)<\/td>\n<td>Z17DTR<\/td>\n<td>5.4\u00a0Trockenf\u00fcllung<\/td>\n<td>30 000 km\/ 12 Monate<\/td>\n<\/tr>\n<tr>\n<td>Corsa D 1.7 CDTI (96 kW) (2010 &#8211; 2011)<\/td>\n<td>A17DTS (LUD)<\/td>\n<td>5.4\u00a0Trockenf\u00fcllung<\/td>\n<td>30 000 km\/ 12 Monate<\/td>\n<\/tr>\n<tr>\n<td>Corsa D 1.7 CDTI (96 kW) (2011 &#8211; 2015)<\/td>\n<td>A17DTS (LUD)<\/td>\n<td>5.4\u00a0Trockenf\u00fcllung<\/td>\n<td>30 000 km\/ 12 Monate<\/td>\n<\/tr>\n<\/tbody>\n<\/table>\n","protected":false},"excerpt":{"rendered":"<p>Modell:\u00a0Opel\u00a0Corsa D, S07 (2006 &#8211; 2015) Motor F\u00fcllmenge Intervall Corsa D 1.0 12V (44 kW) (2006 &#8211; 2010) Z10XEP 3 30 000 km\/ 12 Monate Corsa D 1.0 12V (48 kW) (2010 &#8211; 2011) A10XEP 3 30 000 km\/ 12 Monate Corsa D 1.0 12V (48 kW) (2011 &#8211; 2015) A10XEP 3 30 000 km\/ &hellip; <a href=\"https:\/\/oil-change.info\/de\/opel-corsa-d-motorol-fullmenge\/\" class=\"more-link\"><span class=\"screen-reader-text\">Opel Corsa D Motor\u00f6l f\u00fcllmenge<\/span> weiterlesen <span class=\"meta-nav\">&rarr;<\/span><\/a><\/p>\n","protected":false},"author":1,"featured_media":0,"parent":0,"menu_order":0,"comment_status":"closed","ping_status":"closed","template":"","meta":{"footnotes":""},"class_list":["post-2579","page","type-page","status-publish","hentry"],"_links":{"self":[{"href":"https:\/\/oil-change.info\/de\/wp-json\/wp\/v2\/pages\/2579","targetHints":{"allow":["GET"]}}],"collection":[{"href":"https:\/\/oil-change.info\/de\/wp-json\/wp\/v2\/pages"}],"about":[{"href":"https:\/\/oil-change.info\/de\/wp-json\/wp\/v2\/types\/page"}],"author":[{"embeddable":true,"href":"https:\/\/oil-change.info\/de\/wp-json\/wp\/v2\/users\/1"}],"replies":[{"embeddable":true,"href":"https:\/\/oil-change.info\/de\/wp-json\/wp\/v2\/comments?post=2579"}],"version-history":[{"count":4,"href":"https:\/\/oil-change.info\/de\/wp-json\/wp\/v2\/pages\/2579\/revisions"}],"predecessor-version":[{"id":8708,"href":"https:\/\/oil-change.info\/de\/wp-json\/wp\/v2\/pages\/2579\/revisions\/8708"}],"wp:attachment":[{"href":"https:\/\/oil-change.info\/de\/wp-json\/wp\/v2\/media?parent=2579"}],"curies":[{"name":"wp","href":"https:\/\/api.w.org\/{rel}","templated":true}]}}