{"id":1074,"date":"2014-06-25T15:49:25","date_gmt":"2014-06-25T13:49:25","guid":{"rendered":"http:\/\/olajcsere.org\/wp\/?page_id=1074"},"modified":"2021-08-03T17:26:44","modified_gmt":"2021-08-03T17:26:44","slug":"cantidad-de-aceite-de-motor-subaru-impreza","status":"publish","type":"page","link":"https:\/\/oil-change.info\/es\/cantidad-de-aceite-de-motor-subaru-impreza\/","title":{"rendered":"Cantidad de aceite de motor Subaru Impreza"},"content":{"rendered":"<p><ul>\n \t<li><strong>Motor: <\/strong> C\u00f3digo de motor. Una secuencia de c\u00f3digo que consta de letras y n\u00fameros. El c\u00f3digo del motor incluye el tipo de bloque del motor y la familia del motor, pero tambi\u00e9n puede contener otra informaci\u00f3n.<\/li>\n \t<li><strong>Capacidad: <\/strong> Cantidad de aceite de motor \/ Capacidad filtro (litros \/ Cuartos de gal\u00f3n US)<\/li>\n \t<li><strong>Intervalo: <\/strong> Intervalos de cambio de aceite. El aceite del motor debe cambiarse a m\u00e1s tardar despu\u00e9s de este tiempo o despu\u00e9s de kil\u00f3metros\/km, lo que ocurra primero.<\/li>\n<\/ul>\n<p><strong>El filtro de aceite debe sustituirse cada vez que se cambie el aceite, a menos que el manual de instrucciones del coche recomiende lo contrario.<\/strong><\/p>\n<script async src=\"https:\/\/pagead2.googlesyndication.com\/pagead\/js\/adsbygoogle.js?client=ca-pub-6038864634240180\"\n     crossorigin=\"anonymous\"><\/script>\n<!-- oil-change-es-center -->\n<ins class=\"adsbygoogle\"\n     style=\"display:block\"\n     data-ad-client=\"ca-pub-6038864634240180\"\n     data-ad-slot=\"3708079678\"\n     data-ad-format=\"auto\"\n     data-full-width-responsive=\"true\"><\/ins>\n<script>\n     (adsbygoogle = window.adsbygoogle || []).push({});\n<\/script>\n\n<amp-ad width=\"100vw\" height=\"320\"\n     type=\"adsense\"\n     data-ad-client=\"ca-pub-6038864634240180\"\n     data-ad-slot=\"4999611438\"\n     data-auto-format=\"rspv\"\n     data-full-width=\"\">\n  <div overflow=\"\"><\/div>\n<\/amp-ad>\n\n<br>\n\n<strong>Modelo:\u00a0Subaru\u00a0Impreza, GC, GF, GM (1993 &#8211; 2000)<\/strong><\/p>\n<table border=\"1\">\n<tbody>\n<tr>\n<th><img loading=\"lazy\" decoding=\"async\" class=\"alignnone size-full wp-image-5676\" src=\"https:\/\/oil-change.info\/es\/wp-content\/uploads\/subaru_impreza_1993.jpg\" alt=\"Subaru Impreza (1993)\" width=\"132\" height=\"88\" \/><\/th>\n<th>Motor<\/th>\n<th>Capacidad<\/th>\n<th>Intervalo<\/th>\n<\/tr>\n<tr>\n<td>Impreza 1.6 (1993 &#8211; 2000)<\/td>\n<td>EJ 16S<\/td>\n<td>4<\/td>\n<td>12 500 km\/ 12 meses<\/td>\n<\/tr>\n<tr>\n<td>Impreza 1.6 4WD (1993 &#8211; 2000)<\/td>\n<td>EJ 16S<\/td>\n<td>4<\/td>\n<td>12 500 km\/ 12 meses<\/td>\n<\/tr>\n<tr>\n<td>Impreza 1.8 4WD (1993 &#8211; 1995)<\/td>\n<td>EJ 18S<\/td>\n<td>4<\/td>\n<td>12 500 km\/ 12 meses<\/td>\n<\/tr>\n<tr>\n<td colspan=\"4\"><\/td>\n<\/tr>\n<tr>\n<td>Impreza 2.0 4WD (1995 &#8211; 1998)<\/td>\n<td>EJ 20G<\/td>\n<td>4<\/td>\n<td>12 500 km\/ 12 meses<\/td>\n<\/tr>\n<tr>\n<td>Impreza 2.0 4WD (1998 &#8211; 2000)<\/td>\n<td>EJ 20G<\/td>\n<td>4<\/td>\n<td>12 500 km\/ 12 meses<\/td>\n<\/tr>\n<tr>\n<td>Impreza 2.0 Turbo 4WD (1994 &#8211; 1998)<\/td>\n<td>EJ 20<\/td>\n<td>4.5<\/td>\n<td>12 500 km\/ 12 meses<\/td>\n<\/tr>\n<tr>\n<td>Impreza 2.0 Turbo 4WD (1998 &#8211; 2000)<\/td>\n<td>EJ 20 T<\/td>\n<td>4.5<\/td>\n<td>12 500 km\/ 12 meses<\/td>\n<\/tr>\n<tr>\n<td>Impreza 2.5 4WD (1998 &#8211; 2000)<\/td>\n<td>EJ 25<\/td>\n<td>4<\/td>\n<td>12 500 km\/ 12 meses<\/td>\n<\/tr>\n<\/tbody>\n<\/table>\n<p><strong>Modelo:\u00a0Subaru\u00a0Impreza, GD, GG (2000 &#8211; 2007)<\/strong><\/p>\n<table border=\"1\">\n<tbody>\n<tr>\n<th><img loading=\"lazy\" decoding=\"async\" class=\"alignnone size-full wp-image-5678\" src=\"https:\/\/oil-change.info\/es\/wp-content\/uploads\/subaru_impreza_2000.jpg\" alt=\"Subaru Impreza (2000)\" width=\"132\" height=\"88\" \/><\/th>\n<th>Motor<\/th>\n<th>Capacidad<\/th>\n<th>Intervalo<\/th>\n<\/tr>\n<tr>\n<td>Impreza 1.5R (2005 &#8211; 2007)<\/td>\n<td>EJ 15<\/td>\n<td>4.2<\/td>\n<td>15 000 km\/ 12 meses<\/td>\n<\/tr>\n<tr>\n<td>Impreza 1.6 (2000 &#8211; 2003)<\/td>\n<td>EJ 16<\/td>\n<td>4.5<\/td>\n<td>12 500 km\/ 12 meses<\/td>\n<\/tr>\n<tr>\n<td>Impreza 1.6 (2003 &#8211; 2005)<\/td>\n<td>EJ 16<\/td>\n<td>4.5<\/td>\n<td>12 500 km\/ 12 meses<\/td>\n<\/tr>\n<tr>\n<td>Impreza 2.0 (2000 &#8211; 2003)<\/td>\n<td>EJ 20<\/td>\n<td>4.5<\/td>\n<td>12 500 km\/ 12 meses<\/td>\n<\/tr>\n<tr>\n<td>Impreza 2.0 (2003 &#8211; 2005)<\/td>\n<td>EJ 20G<\/td>\n<td>4<\/td>\n<td>12 500 km\/ 12 meses<\/td>\n<\/tr>\n<tr>\n<td>Impreza 2.0R (2005 &#8211; 2007)<\/td>\n<td><\/td>\n<td>4.2<\/td>\n<td>15 000 km\/ 12 meses<\/td>\n<\/tr>\n<tr>\n<td>Impreza 2.0 WRX (2000 &#8211; 2003)<\/td>\n<td>EJ 20 turbo<\/td>\n<td>5<\/td>\n<td>12 500 km\/ 12 meses<\/td>\n<\/tr>\n<tr>\n<td>Impreza 2.0 WRX (2003 &#8211; 2005)<\/td>\n<td>EJ 20 turbo<\/td>\n<td>5<\/td>\n<td>12 500 km\/ 12 meses<\/td>\n<\/tr>\n<tr>\n<td>Impreza 2.0 WRX STi (2000 &#8211; 2003)<\/td>\n<td>EJ 20 turbo<\/td>\n<td>5<\/td>\n<td>12 500 km\/ 12 meses<\/td>\n<\/tr>\n<tr>\n<td>Impreza 2.0 WRX STi (2003 &#8211; 2005)<\/td>\n<td>EJ 20 turbo<\/td>\n<td>5<\/td>\n<td>12 500 km\/ 12 meses<\/td>\n<\/tr>\n<tr>\n<td>Impreza 2.5 (2000 &#8211; 2003)<\/td>\n<td>EJ 25<\/td>\n<td>4.5<\/td>\n<td>12 500 km\/ 12 meses<\/td>\n<\/tr>\n<tr>\n<td>Impreza 2.5 WRX (2005 &#8211; 2007)<\/td>\n<td><\/td>\n<td>4.3<\/td>\n<td>15 000 km\/ 12 meses<\/td>\n<\/tr>\n<tr>\n<td>Impreza 2.5 WRX STi (2005 &#8211; 2007)<\/td>\n<td><\/td>\n<td>4.3<\/td>\n<td>15 000 km\/ 12 meses<\/td>\n<\/tr>\n<\/tbody>\n<\/table>\n<p><strong>Modelo:\u00a0Subaru\u00a0Impreza, GE, GH (2007 &#8211; 2014)<\/strong><\/p>\n<table border=\"1\">\n<tbody>\n<tr>\n<th><img loading=\"lazy\" decoding=\"async\" class=\"alignnone size-full wp-image-5680\" src=\"https:\/\/oil-change.info\/es\/wp-content\/uploads\/subaru_impreza_2007.jpg\" alt=\"2007 Subaru Impreza\" width=\"132\" height=\"88\" \/><\/th>\n<th>Motor<\/th>\n<th>Capacidad<\/th>\n<th>Intervalo<\/th>\n<\/tr>\n<tr>\n<td>Impreza 1.5R FWD (2008 &#8211; 2012)<\/td>\n<td>EJ 15<\/td>\n<td>4.2 \/ 0.2<\/td>\n<td>15 000 km\/ 12 meses<\/td>\n<\/tr>\n<tr>\n<td>Impreza 1.5R (2007 &#8211; 2012)<\/td>\n<td>EJ 15<\/td>\n<td>4.2 \/ 0.2<\/td>\n<td>15 000 km\/ 12 meses<\/td>\n<\/tr>\n<tr>\n<td>Impreza 2.0R (2007 &#8211; 2012)<\/td>\n<td><\/td>\n<td>4.2 \/ 0.2<\/td>\n<td>15 000 km\/ 12 meses<\/td>\n<\/tr>\n<tr>\n<td>Impreza 2.5T WRX (2007 &#8211; 2011)<\/td>\n<td>EJ 255<\/td>\n<td>4.2<\/td>\n<td>15 000 km\/ 12 meses<\/td>\n<\/tr>\n<tr>\n<td>Impreza 2.5T WRX STI (2007 &#8211; 2011)<\/td>\n<td>EJ 257<\/td>\n<td>4.3<\/td>\n<td>15 000 km\/ 12 meses<\/td>\n<\/tr>\n<tr>\n<td>Impreza 2.0 D (2008 &#8211; 2012)<\/td>\n<td><\/td>\n<td>5.9 \/ 0.4<\/td>\n<td>15 000 km\/ 12 meses<\/td>\n<\/tr>\n<\/tbody>\n<\/table>\n","protected":false},"excerpt":{"rendered":"<p>Modelo:\u00a0Subaru\u00a0Impreza, GC, GF, GM (1993 &#8211; 2000) Motor Capacidad Intervalo Impreza 1.6 (1993 &#8211; 2000) EJ 16S 4 12 500 km\/ 12 meses Impreza 1.6 4WD (1993 &#8211; 2000) EJ 16S 4 12 500 km\/ 12 meses Impreza 1.8 4WD (1993 &#8211; 1995) EJ 18S 4 12 500 km\/ 12 meses Impreza 2.0 4WD (1995 &hellip; <a href=\"https:\/\/oil-change.info\/es\/cantidad-de-aceite-de-motor-subaru-impreza\/\" class=\"more-link\">Seguir leyendo <span class=\"screen-reader-text\">Cantidad de aceite de motor Subaru Impreza<\/span> <span class=\"meta-nav\">&rarr;<\/span><\/a><\/p>\n","protected":false},"author":1,"featured_media":0,"parent":0,"menu_order":0,"comment_status":"open","ping_status":"open","template":"","meta":{"footnotes":""},"class_list":["post-1074","page","type-page","status-publish","hentry"],"_links":{"self":[{"href":"https:\/\/oil-change.info\/es\/wp-json\/wp\/v2\/pages\/1074","targetHints":{"allow":["GET"]}}],"collection":[{"href":"https:\/\/oil-change.info\/es\/wp-json\/wp\/v2\/pages"}],"about":[{"href":"https:\/\/oil-change.info\/es\/wp-json\/wp\/v2\/types\/page"}],"author":[{"embeddable":true,"href":"https:\/\/oil-change.info\/es\/wp-json\/wp\/v2\/users\/1"}],"replies":[{"embeddable":true,"href":"https:\/\/oil-change.info\/es\/wp-json\/wp\/v2\/comments?post=1074"}],"version-history":[{"count":4,"href":"https:\/\/oil-change.info\/es\/wp-json\/wp\/v2\/pages\/1074\/revisions"}],"predecessor-version":[{"id":16121,"href":"https:\/\/oil-change.info\/es\/wp-json\/wp\/v2\/pages\/1074\/revisions\/16121"}],"wp:attachment":[{"href":"https:\/\/oil-change.info\/es\/wp-json\/wp\/v2\/media?parent=1074"}],"curies":[{"name":"wp","href":"https:\/\/api.w.org\/{rel}","templated":true}]}}