{"id":10937,"date":"2019-02-07T23:33:01","date_gmt":"2019-02-07T23:33:01","guid":{"rendered":"https:\/\/oil-change.info\/?page_id=10937"},"modified":"2021-06-24T12:02:31","modified_gmt":"2021-06-24T12:02:31","slug":"cantidad-de-aceite-de-motor-infiniti-g35-usa","status":"publish","type":"page","link":"https:\/\/oil-change.info\/es\/cantidad-de-aceite-de-motor-infiniti-g35-usa\/","title":{"rendered":"Cantidad de aceite de motor Infiniti G35 (USA)"},"content":{"rendered":"<p><ul>\n \t<li><strong>Motor: <\/strong> C\u00f3digo de motor. Una secuencia de c\u00f3digo que consta de letras y n\u00fameros. El c\u00f3digo del motor incluye el tipo de bloque del motor y la familia del motor, pero tambi\u00e9n puede contener otra informaci\u00f3n.<\/li>\n \t<li><strong>Capacidad: <\/strong> Cantidad de aceite de motor \/ Capacidad filtro (litros \/ Cuartos de gal\u00f3n US)<\/li>\n \t<li><strong>Intervalo: <\/strong> Intervalos de cambio de aceite. El aceite del motor debe cambiarse a m\u00e1s tardar despu\u00e9s de este tiempo o despu\u00e9s de kil\u00f3metros\/km, lo que ocurra primero.<\/li>\n<\/ul>\n<p><strong>El filtro de aceite debe sustituirse cada vez que se cambie el aceite, a menos que el manual de instrucciones del coche recomiende lo contrario.<\/strong><\/p>\n<script async src=\"https:\/\/pagead2.googlesyndication.com\/pagead\/js\/adsbygoogle.js?client=ca-pub-6038864634240180\"\n     crossorigin=\"anonymous\"><\/script>\n<!-- oil-change-es-center -->\n<ins class=\"adsbygoogle\"\n     style=\"display:block\"\n     data-ad-client=\"ca-pub-6038864634240180\"\n     data-ad-slot=\"3708079678\"\n     data-ad-format=\"auto\"\n     data-full-width-responsive=\"true\"><\/ins>\n<script>\n     (adsbygoogle = window.adsbygoogle || []).push({});\n<\/script>\n\n<amp-ad width=\"100vw\" height=\"320\"\n     type=\"adsense\"\n     data-ad-client=\"ca-pub-6038864634240180\"\n     data-ad-slot=\"4999611438\"\n     data-auto-format=\"rspv\"\n     data-full-width=\"\">\n  <div overflow=\"\"><\/div>\n<\/amp-ad>\n\n<br>\n\n<strong>Modelo:\u00a0Infiniti G35, V35 (2003 &#8211; 2006) (USA)<\/strong><\/p>\n<table border=\"1\">\n<tbody>\n<tr>\n<th>\n<p><figure id=\"attachment_10938\" aria-describedby=\"caption-attachment-10938\" style=\"width: 143px\" class=\"wp-caption alignnone\"><img loading=\"lazy\" decoding=\"async\" class=\"size-full wp-image-10938\" src=\"https:\/\/oil-change.info\/es\/wp-content\/uploads\/infiniti_g35_2003.jpg\" alt=\"2003 Infiniti G35\" width=\"143\" height=\"90\" \/><figcaption id=\"caption-attachment-10938\" class=\"wp-caption-text\">2003 Infiniti G35<\/figcaption><\/figure><\/th>\n<th>Motor<\/th>\n<th>Capacidad<\/th>\n<th>Intervalo<\/th>\n<\/tr>\n<tr>\n<td>G35 Sedan (V35) (2003 &#8211; 2003)<\/td>\n<td>VQ35HR<\/td>\n<td>5.4 \/ 0.3<br \/>\nLlenado en seco<\/td>\n<td>3 750 millas\/ 3 meses<\/td>\n<\/tr>\n<tr>\n<td>G35 Sedan (V35) (2004 &#8211; 2004)<\/td>\n<td>VQ35HR<\/td>\n<td>5.4 \/ 0.3<br \/>\nLlenado en seco<\/td>\n<td>3 750 millas\/ 3 meses<\/td>\n<\/tr>\n<tr>\n<td>G35 Sedan (206 kW) (V35) (2005 &#8211; 2006)<\/td>\n<td>VQ35DE<\/td>\n<td>5.4 \/ 0.3<br \/>\nLlenado en seco<\/td>\n<td>3 750 millas\/ 3 meses<\/td>\n<\/tr>\n<tr>\n<td colspan=\"4\"><\/td>\n<\/tr>\n<tr>\n<td>G35 Sedan (219 kW) (V35) (2005 &#8211; 2006)<\/td>\n<td>VQ35DE<\/td>\n<td>5.4 \/ 0.3<br \/>\nLlenado en seco<\/td>\n<td>3 750 millas\/ 3 meses<\/td>\n<\/tr>\n<tr>\n<td>G35 Coupe (V35) (2003 &#8211; 2003)<\/td>\n<td>VQ35HR<\/td>\n<td>5.4 \/ 0.3<br \/>\nLlenado en seco<\/td>\n<td>3 750 millas\/ 3 meses<\/td>\n<\/tr>\n<tr>\n<td>G35 Coupe (V35) (2004 &#8211; 2004)<\/td>\n<td>VQ35HR<\/td>\n<td>5.4 \/ 0.3<br \/>\nLlenado en seco<\/td>\n<td>3 750 millas\/ 3 meses<\/td>\n<\/tr>\n<tr>\n<td>G35 Coupe (206 kW) (V35) (2005 &#8211; 2006)<\/td>\n<td>VQ35DE<\/td>\n<td>5.4 \/ 0.3<br \/>\nLlenado en seco<\/td>\n<td>3 750 millas\/ 3 meses<\/td>\n<\/tr>\n<tr>\n<td>G35 Coupe (219 kW) (V35) (2005 &#8211; 2006)<\/td>\n<td>VQ35DE<\/td>\n<td>5.4 \/ 0.3<br \/>\nLlenado en seco<\/td>\n<td>3 750 millas\/ 3 meses<\/td>\n<\/tr>\n<\/tbody>\n<\/table>\n","protected":false},"excerpt":{"rendered":"<p>Modelo:\u00a0Infiniti G35, V35 (2003 &#8211; 2006) (USA) Motor Capacidad Intervalo G35 Sedan (V35) (2003 &#8211; 2003) VQ35HR 5.4 \/ 0.3 Llenado en seco 3 750 millas\/ 3 meses G35 Sedan (V35) (2004 &#8211; 2004) VQ35HR 5.4 \/ 0.3 Llenado en seco 3 750 millas\/ 3 meses G35 Sedan (206 kW) (V35) (2005 &#8211; 2006) VQ35DE &hellip; <a href=\"https:\/\/oil-change.info\/es\/cantidad-de-aceite-de-motor-infiniti-g35-usa\/\" class=\"more-link\">Seguir leyendo <span class=\"screen-reader-text\">Cantidad de aceite de motor Infiniti G35 (USA)<\/span> <span class=\"meta-nav\">&rarr;<\/span><\/a><\/p>\n","protected":false},"author":1,"featured_media":0,"parent":0,"menu_order":0,"comment_status":"closed","ping_status":"closed","template":"","meta":{"footnotes":""},"class_list":["post-10937","page","type-page","status-publish","hentry"],"_links":{"self":[{"href":"https:\/\/oil-change.info\/es\/wp-json\/wp\/v2\/pages\/10937","targetHints":{"allow":["GET"]}}],"collection":[{"href":"https:\/\/oil-change.info\/es\/wp-json\/wp\/v2\/pages"}],"about":[{"href":"https:\/\/oil-change.info\/es\/wp-json\/wp\/v2\/types\/page"}],"author":[{"embeddable":true,"href":"https:\/\/oil-change.info\/es\/wp-json\/wp\/v2\/users\/1"}],"replies":[{"embeddable":true,"href":"https:\/\/oil-change.info\/es\/wp-json\/wp\/v2\/comments?post=10937"}],"version-history":[{"count":4,"href":"https:\/\/oil-change.info\/es\/wp-json\/wp\/v2\/pages\/10937\/revisions"}],"predecessor-version":[{"id":15502,"href":"https:\/\/oil-change.info\/es\/wp-json\/wp\/v2\/pages\/10937\/revisions\/15502"}],"wp:attachment":[{"href":"https:\/\/oil-change.info\/es\/wp-json\/wp\/v2\/media?parent=10937"}],"curies":[{"name":"wp","href":"https:\/\/api.w.org\/{rel}","templated":true}]}}