{"id":11369,"date":"2019-04-09T11:14:39","date_gmt":"2019-04-09T11:14:39","guid":{"rendered":"https:\/\/oil-change.info\/?page_id=11369"},"modified":"2021-06-25T10:36:30","modified_gmt":"2021-06-25T10:36:30","slug":"cantidad-de-aceite-de-motor-jeep-grand-cherokee-wk2-2011-usa-can","status":"publish","type":"page","link":"https:\/\/oil-change.info\/es\/cantidad-de-aceite-de-motor-jeep-grand-cherokee-wk2-2011-usa-can\/","title":{"rendered":"Cantidad de aceite de motor Jeep Grand Cherokee, WK2 (2011 &#8211; ) (USA \/ CAN)"},"content":{"rendered":"<p><ul>\n \t<li><strong>Motor: <\/strong> C\u00f3digo de motor. Una secuencia de c\u00f3digo que consta de letras y n\u00fameros. El c\u00f3digo del motor incluye el tipo de bloque del motor y la familia del motor, pero tambi\u00e9n puede contener otra informaci\u00f3n.<\/li>\n \t<li><strong>Capacidad: <\/strong> Cantidad de aceite de motor \/ Capacidad filtro (litros \/ Cuartos de gal\u00f3n US)<\/li>\n \t<li><strong>Intervalo: <\/strong> Intervalos de cambio de aceite. El aceite del motor debe cambiarse a m\u00e1s tardar despu\u00e9s de este tiempo o despu\u00e9s de kil\u00f3metros\/km, lo que ocurra primero.<\/li>\n<\/ul>\n<p><strong>El filtro de aceite debe sustituirse cada vez que se cambie el aceite, a menos que el manual de instrucciones del coche recomiende lo contrario.<\/strong><\/p>\n<script async src=\"https:\/\/pagead2.googlesyndication.com\/pagead\/js\/adsbygoogle.js?client=ca-pub-6038864634240180\"\n     crossorigin=\"anonymous\"><\/script>\n<!-- oil-change-es-center -->\n<ins class=\"adsbygoogle\"\n     style=\"display:block\"\n     data-ad-client=\"ca-pub-6038864634240180\"\n     data-ad-slot=\"3708079678\"\n     data-ad-format=\"auto\"\n     data-full-width-responsive=\"true\"><\/ins>\n<script>\n     (adsbygoogle = window.adsbygoogle || []).push({});\n<\/script>\n\n<amp-ad width=\"100vw\" height=\"320\"\n     type=\"adsense\"\n     data-ad-client=\"ca-pub-6038864634240180\"\n     data-ad-slot=\"4999611438\"\n     data-auto-format=\"rspv\"\n     data-full-width=\"\">\n  <div overflow=\"\"><\/div>\n<\/amp-ad>\n\n<br>\n\n<strong>Modelo: Jeep Grand Cherokee, WK2 (2011 &#8211; ) (USA \/ CAN)<\/strong><\/p>\n<table border=\"1\">\n<tbody>\n<tr>\n<th>\n<p><figure id=\"attachment_11370\" aria-describedby=\"caption-attachment-11370\" style=\"width: 161px\" class=\"wp-caption alignnone\"><img loading=\"lazy\" decoding=\"async\" class=\"size-full wp-image-11370\" src=\"https:\/\/oil-change.info\/es\/wp-content\/uploads\/jeep_grand_cherokee_2016.jpg\" alt=\"2016 Jeep Grand Cherokee, WK2 (2011 - ) (USA \/ CAN)\" width=\"161\" height=\"121\" \/><figcaption id=\"caption-attachment-11370\" class=\"wp-caption-text\">2016 Jeep Grand Cherokee, WK2 (2011 &#8211; ) (USA \/ CAN)<\/figcaption><\/figure><\/th>\n<th>Motor<\/th>\n<th>Capacidad<\/th>\n<th>Intervalo<\/th>\n<\/tr>\n<tr>\n<td>Grand Cherokee 3.6 V6 (WK2) (2011 &#8211; 2012)<\/td>\n<td>Pentastar<\/td>\n<td>5.6<\/td>\n<td>13 000 km\/ 6 meses<\/td>\n<\/tr>\n<tr>\n<td>Grand Cherokee 3.6 V6 Flex (WK2) (2011 &#8211; 2012)<\/td>\n<td>Pentastar<\/td>\n<td>5.6<\/td>\n<td>13 000 km\/ 6 meses<\/td>\n<\/tr>\n<tr>\n<td>Grand Cherokee 3.6 V6 (WK2) (2013 &#8211; 2013)<\/td>\n<td>Pentastar<\/td>\n<td>5.6<\/td>\n<td>16 000 km\/ 12 meses<\/td>\n<\/tr>\n<tr>\n<td colspan=\"4\"><\/td>\n<\/tr>\n<tr>\n<td>Grand Cherokee 3.6 V6 Flex (WK2) (2013 &#8211; 2013)<\/td>\n<td>Pentastar<\/td>\n<td>5.6<\/td>\n<td>16 000 km\/ 12 meses<\/td>\n<\/tr>\n<tr>\n<td>Grand Cherokee 3.6 V6 (WK2) (2014 &#8211; )<\/td>\n<td>Pentastar<\/td>\n<td>5.6<\/td>\n<td>16 000 km\/ 12 meses<\/td>\n<\/tr>\n<tr>\n<td>Grand Cherokee 3.6 V6 Flex (WK2) (2014 &#8211; )<\/td>\n<td>Pentastar<\/td>\n<td>5.6<\/td>\n<td>16 000 km\/ 12 meses<\/td>\n<\/tr>\n<tr>\n<td>Grand Cherokee 5.7 HEMI V8 (WK2) (2011 &#8211; 2011)<\/td>\n<td>HEMI<\/td>\n<td>6.6<\/td>\n<td>13 000 km\/ 6 meses<\/td>\n<\/tr>\n<tr>\n<td>Grand Cherokee 5.7 HEMI V8 (WK2) (2012 &#8211; 2012)<\/td>\n<td>HEMI<\/td>\n<td>6.6<\/td>\n<td>13 000 km\/ 6 meses<\/td>\n<\/tr>\n<tr>\n<td>Grand Cherokee 5.7 HEMI V8 (WK2) (2013 &#8211; 2013)<\/td>\n<td>HEMI<\/td>\n<td>6.6<\/td>\n<td>16 000 km\/ 12 meses<\/td>\n<\/tr>\n<tr>\n<td>Grand Cherokee 5.7 HEMI V8 (WK2) (2014 &#8211; )<\/td>\n<td>HEMI<\/td>\n<td>6.6<\/td>\n<td>16 000 km\/ 12 meses<\/td>\n<\/tr>\n<tr>\n<td>Grand Cherokee 6.4 HEMI V8 SRT8 (WK2) (2012 &#8211; 2012)<\/td>\n<td>HEMI<\/td>\n<td>6.6<\/td>\n<td>10 000 km\/ 6 meses<\/td>\n<\/tr>\n<tr>\n<td>Grand Cherokee 6.4 HEMI V8 SRT8 (WK2) (2013 &#8211; 2013)<\/td>\n<td>HEMI<\/td>\n<td>6.6<\/td>\n<td>10 000 km\/ 6 meses<\/td>\n<\/tr>\n<tr>\n<td>Grand Cherokee 6.4 HEMI V8 SRT8 (WK2) (2014 &#8211; )<\/td>\n<td>HEMI<\/td>\n<td>6.6<\/td>\n<td>10 000 km\/ 6 meses<\/td>\n<\/tr>\n<tr>\n<td>Grand Cherokee 3.0 CRD (179 kW) (WK2) (2014 &#8211; )<\/td>\n<td>CRD<\/td>\n<td>7.7<\/td>\n<td>Uso: Flexible (m\u00e1x.)<br \/>\nCambiar cada 10000 millas\/ 12 meses<br \/>\nUso: Severo<br \/>\nCambiar cada<br \/>\n5 600 km<br \/>\nBiodi\u00e9sel B6-B20<br \/>\nCambiar cada 8000 millas\/ 6 meses<\/td>\n<\/tr>\n<\/tbody>\n<\/table>\n","protected":false},"excerpt":{"rendered":"<p>Modelo: Jeep Grand Cherokee, WK2 (2011 &#8211; ) (USA \/ CAN) Motor Capacidad Intervalo Grand Cherokee 3.6 V6 (WK2) (2011 &#8211; 2012) Pentastar 5.6 13 000 km\/ 6 meses Grand Cherokee 3.6 V6 Flex (WK2) (2011 &#8211; 2012) Pentastar 5.6 13 000 km\/ 6 meses Grand Cherokee 3.6 V6 (WK2) (2013 &#8211; 2013) Pentastar 5.6 &hellip; <a href=\"https:\/\/oil-change.info\/es\/cantidad-de-aceite-de-motor-jeep-grand-cherokee-wk2-2011-usa-can\/\" class=\"more-link\">Seguir leyendo <span class=\"screen-reader-text\">Cantidad de aceite de motor Jeep Grand Cherokee, WK2 (2011 &#8211; ) (USA \/ CAN)<\/span> <span class=\"meta-nav\">&rarr;<\/span><\/a><\/p>\n","protected":false},"author":1,"featured_media":0,"parent":0,"menu_order":0,"comment_status":"closed","ping_status":"closed","template":"","meta":{"footnotes":""},"class_list":["post-11369","page","type-page","status-publish","hentry"],"_links":{"self":[{"href":"https:\/\/oil-change.info\/es\/wp-json\/wp\/v2\/pages\/11369","targetHints":{"allow":["GET"]}}],"collection":[{"href":"https:\/\/oil-change.info\/es\/wp-json\/wp\/v2\/pages"}],"about":[{"href":"https:\/\/oil-change.info\/es\/wp-json\/wp\/v2\/types\/page"}],"author":[{"embeddable":true,"href":"https:\/\/oil-change.info\/es\/wp-json\/wp\/v2\/users\/1"}],"replies":[{"embeddable":true,"href":"https:\/\/oil-change.info\/es\/wp-json\/wp\/v2\/comments?post=11369"}],"version-history":[{"count":3,"href":"https:\/\/oil-change.info\/es\/wp-json\/wp\/v2\/pages\/11369\/revisions"}],"predecessor-version":[{"id":15547,"href":"https:\/\/oil-change.info\/es\/wp-json\/wp\/v2\/pages\/11369\/revisions\/15547"}],"wp:attachment":[{"href":"https:\/\/oil-change.info\/es\/wp-json\/wp\/v2\/media?parent=11369"}],"curies":[{"name":"wp","href":"https:\/\/api.w.org\/{rel}","templated":true}]}}