{"id":13963,"date":"2020-05-26T13:21:59","date_gmt":"2020-05-26T13:21:59","guid":{"rendered":"https:\/\/oil-change.info\/?page_id=13963"},"modified":"2022-07-04T15:05:15","modified_gmt":"2022-07-04T15:05:15","slug":"cantidad-de-aceite-de-motor-seat-ibiza-2001-2009","status":"publish","type":"page","link":"https:\/\/oil-change.info\/es\/cantidad-de-aceite-de-motor-seat-ibiza-2001-2009\/","title":{"rendered":"Cantidad de aceite de motor SEAT Ibiza (2001 &#8211; 2009)"},"content":{"rendered":"<p><ul>\n \t<li><strong>Motor: <\/strong> C\u00f3digo de motor. Una secuencia de c\u00f3digo que consta de letras y n\u00fameros. El c\u00f3digo del motor incluye el tipo de bloque del motor y la familia del motor, pero tambi\u00e9n puede contener otra informaci\u00f3n.<\/li>\n \t<li><strong>Capacidad: <\/strong> Cantidad de aceite de motor \/ Capacidad filtro (litros \/ Cuartos de gal\u00f3n US)<\/li>\n \t<li><strong>Intervalo: <\/strong> Intervalos de cambio de aceite. El aceite del motor debe cambiarse a m\u00e1s tardar despu\u00e9s de este tiempo o despu\u00e9s de kil\u00f3metros\/km, lo que ocurra primero.<\/li>\n<\/ul>\n<p><strong>El filtro de aceite debe sustituirse cada vez que se cambie el aceite, a menos que el manual de instrucciones del coche recomiende lo contrario.<\/strong><\/p>\n<script async src=\"https:\/\/pagead2.googlesyndication.com\/pagead\/js\/adsbygoogle.js?client=ca-pub-6038864634240180\"\n     crossorigin=\"anonymous\"><\/script>\n<!-- oil-change-es-center -->\n<ins class=\"adsbygoogle\"\n     style=\"display:block\"\n     data-ad-client=\"ca-pub-6038864634240180\"\n     data-ad-slot=\"3708079678\"\n     data-ad-format=\"auto\"\n     data-full-width-responsive=\"true\"><\/ins>\n<script>\n     (adsbygoogle = window.adsbygoogle || []).push({});\n<\/script>\n\n<amp-ad width=\"100vw\" height=\"320\"\n     type=\"adsense\"\n     data-ad-client=\"ca-pub-6038864634240180\"\n     data-ad-slot=\"4999611438\"\n     data-auto-format=\"rspv\"\n     data-full-width=\"\">\n  <div overflow=\"\"><\/div>\n<\/amp-ad>\n\n<br>\n\n<strong>Modelo: SEAT Ibiza, 6L (2001 &#8211; 2009)<\/strong><\/p>\n<table border=\"1\">\n<tbody>\n<tr>\n<th><img loading=\"lazy\" decoding=\"async\" class=\"alignnone size-full wp-image-13964\" src=\"https:\/\/oil-change.info\/es\/wp-content\/uploads\/seat_ibiza_2005.jpg\" alt=\"2005 SEAT Ibiza\" width=\"176\" height=\"122\" srcset=\"https:\/\/oil-change.info\/es\/wp-content\/uploads\/seat_ibiza_2005.jpg 176w, https:\/\/oil-change.info\/es\/wp-content\/uploads\/seat_ibiza_2005-130x90.jpg 130w\" sizes=\"auto, (max-width: 176px) 100vw, 176px\" \/><\/th>\n<th>Motor<\/th>\n<th>Capacidad<\/th>\n<th>Intervalo<\/th>\n<\/tr>\n<tr>\n<td>Ibiza 1.2 (40 kW) (2002 &#8211; 2006)<\/td>\n<td>BMD<\/td>\n<td>2.8<\/td>\n<td>15 000 km\/ 12 meses<\/td>\n<\/tr>\n<tr>\n<td>Ibiza 1.2 (44 kW) (2007 &#8211; 2008)<\/td>\n<td>BBM<\/td>\n<td>2.8<\/td>\n<td>15 000 km\/ 12 meses<\/td>\n<\/tr>\n<tr>\n<td>Ibiza 1.2 12V (47 kW) (2002 &#8211; 2005)<\/td>\n<td>AZQ, BME<\/td>\n<td>2.8<\/td>\n<td>15 000 km\/ 12 meses<\/td>\n<\/tr>\n<tr>\n<td>Ibiza 1.2 12V (51 kW) (2006 &#8211; 2009)<\/td>\n<td>BXV<\/td>\n<td>2.8<\/td>\n<td>15 000 km\/ 12 meses<\/td>\n<\/tr>\n<tr>\n<td colspan=\"4\"><\/td>\n<\/tr>\n<tr>\n<td>Ibiza 1.4 16V (55 kW) (2002 &#8211; 2005)<\/td>\n<td>BBY, BKY<\/td>\n<td>3.2<\/td>\n<td>15 000 km\/ 12 meses<\/td>\n<\/tr>\n<tr>\n<td>Ibiza 1.4 16V (55 kW) (2005 &#8211; 2008)<\/td>\n<td>BBY, BKY<\/td>\n<td>3.2<\/td>\n<td>15 000 km\/ 12 meses<\/td>\n<\/tr>\n<tr>\n<td>Ibiza 1.4 16V (63 kW) (2006 &#8211; 2008)<\/td>\n<td>BXW<\/td>\n<td>3.2<\/td>\n<td>15 000 km\/ 12 meses<\/td>\n<\/tr>\n<tr>\n<td>Ibiza 1.4 16V (74 kW) (2001 &#8211; 2005)<\/td>\n<td>AUB, BBZ<\/td>\n<td>3.2<\/td>\n<td>15 000 km\/ 12 meses<\/td>\n<\/tr>\n<tr>\n<td>Ibiza 1.6 8V (74 kW) (2005 &#8211; 2009)<\/td>\n<td>BAH<\/td>\n<td>4<\/td>\n<td>15 000 km\/ 12 meses<\/td>\n<\/tr>\n<tr>\n<td>Ibiza 1.6 16V (77 kW) (2006 &#8211; 2009)<\/td>\n<td>BTS<\/td>\n<td>3.6<\/td>\n<td>15 000 km\/ 12 meses<\/td>\n<\/tr>\n<tr>\n<td>Ibiza 1.8 T 20V (2003 &#8211; 2008)<\/td>\n<td>BJX, BKV<\/td>\n<td>4.5<\/td>\n<td>15 000 km\/ 12 meses<\/td>\n<\/tr>\n<tr>\n<td>Ibiza 1.8 T 20V Cupra (2004 &#8211; 2008)<\/td>\n<td>BBU, BLZ<\/td>\n<td>4.5<\/td>\n<td>15 000 km\/ 12 meses<\/td>\n<\/tr>\n<tr>\n<td>Ibiza 2.0 8V (2002 &#8211; 2005)<\/td>\n<td>AZL<\/td>\n<td>4<\/td>\n<td>15 000 km\/ 12 meses<\/td>\n<\/tr>\n<tr>\n<td>Ibiza 2.0 8V (2005 &#8211; 2009)<\/td>\n<td>BBX<\/td>\n<td>4<\/td>\n<td>15 000 km\/ 12 meses<\/td>\n<\/tr>\n<tr>\n<td>Ibiza 1.4 TDi (51 kW) (2005 &#8211; 2008)<\/td>\n<td>BNM<\/td>\n<td>4.2<\/td>\n<td>15 000 km\/ 12 meses<\/td>\n<\/tr>\n<tr>\n<td>Ibiza 1.4 TDi (55 kW) (2002 &#8211; 2005)<\/td>\n<td>AMF (PD)<\/td>\n<td>4.2<\/td>\n<td>15 000 km\/ 12 meses<\/td>\n<\/tr>\n<tr>\n<td>Ibiza 1.4 TDi (58 kW) (2005 &#8211; 2008)<\/td>\n<td>BNV<\/td>\n<td>4.2<\/td>\n<td>15 000 km\/ 12 meses<\/td>\n<\/tr>\n<tr>\n<td>Ibiza 1.4 TDi (59 kW) DPF (2006 &#8211; 2008)<\/td>\n<td>BMS<\/td>\n<td>4.4<\/td>\n<td>15 000 km\/ 12 meses<\/td>\n<\/tr>\n<tr>\n<td>Ibiza 1.9 SDI (2002 &#8211; 2005)<\/td>\n<td>ASY<\/td>\n<td>4.3<\/td>\n<td>15 000 km\/ 12 meses<\/td>\n<\/tr>\n<tr>\n<td>Ibiza 1.9 TDI (74 kW) (2002 &#8211; 2009)<\/td>\n<td>ATD, AXR (PD)<\/td>\n<td>4.3<\/td>\n<td>15 000 km\/ 12 meses<\/td>\n<\/tr>\n<tr>\n<td>Ibiza 1.9 TDI (74 kW) DPF (2006 &#8211; 2009)<\/td>\n<td>BMT (PD)<\/td>\n<td>4.3<\/td>\n<td>15 000 km\/ 12 meses<\/td>\n<\/tr>\n<tr>\n<td>Ibiza 1.9 TDI (96 kW) (2002 &#8211; 2009)<\/td>\n<td>ASZ, BLT (PD)<\/td>\n<td>4.3<\/td>\n<td>15 000 km\/ 12 meses<\/td>\n<\/tr>\n<tr>\n<td>Ibiza 1.9 TDI (118 kW) (2004 &#8211; 2008)<\/td>\n<td>BPX, BUK (PD)<\/td>\n<td>4.5<\/td>\n<td>15 000 km\/ 12 meses<\/td>\n<\/tr>\n<\/tbody>\n<\/table>\n","protected":false},"excerpt":{"rendered":"<p>Modelo: SEAT Ibiza, 6L (2001 &#8211; 2009) Motor Capacidad Intervalo Ibiza 1.2 (40 kW) (2002 &#8211; 2006) BMD 2.8 15 000 km\/ 12 meses Ibiza 1.2 (44 kW) (2007 &#8211; 2008) BBM 2.8 15 000 km\/ 12 meses Ibiza 1.2 12V (47 kW) (2002 &#8211; 2005) AZQ, BME 2.8 15 000 km\/ 12 meses Ibiza &hellip; <a href=\"https:\/\/oil-change.info\/es\/cantidad-de-aceite-de-motor-seat-ibiza-2001-2009\/\" class=\"more-link\">Seguir leyendo <span class=\"screen-reader-text\">Cantidad de aceite de motor SEAT Ibiza (2001 &#8211; 2009)<\/span> <span class=\"meta-nav\">&rarr;<\/span><\/a><\/p>\n","protected":false},"author":1,"featured_media":0,"parent":0,"menu_order":0,"comment_status":"closed","ping_status":"closed","template":"","meta":{"footnotes":""},"class_list":["post-13963","page","type-page","status-publish","hentry"],"_links":{"self":[{"href":"https:\/\/oil-change.info\/es\/wp-json\/wp\/v2\/pages\/13963","targetHints":{"allow":["GET"]}}],"collection":[{"href":"https:\/\/oil-change.info\/es\/wp-json\/wp\/v2\/pages"}],"about":[{"href":"https:\/\/oil-change.info\/es\/wp-json\/wp\/v2\/types\/page"}],"author":[{"embeddable":true,"href":"https:\/\/oil-change.info\/es\/wp-json\/wp\/v2\/users\/1"}],"replies":[{"embeddable":true,"href":"https:\/\/oil-change.info\/es\/wp-json\/wp\/v2\/comments?post=13963"}],"version-history":[{"count":3,"href":"https:\/\/oil-change.info\/es\/wp-json\/wp\/v2\/pages\/13963\/revisions"}],"predecessor-version":[{"id":17530,"href":"https:\/\/oil-change.info\/es\/wp-json\/wp\/v2\/pages\/13963\/revisions\/17530"}],"wp:attachment":[{"href":"https:\/\/oil-change.info\/es\/wp-json\/wp\/v2\/media?parent=13963"}],"curies":[{"name":"wp","href":"https:\/\/api.w.org\/{rel}","templated":true}]}}