{"id":3703,"date":"2015-12-22T22:07:32","date_gmt":"2015-12-22T22:07:32","guid":{"rendered":"https:\/\/wp.oil-change.info\/?page_id=3703"},"modified":"2021-06-01T11:36:42","modified_gmt":"2021-06-01T11:36:42","slug":"cantidad-de-aceite-de-motor-chevrolet-camaro-usa","status":"publish","type":"page","link":"https:\/\/oil-change.info\/es\/cantidad-de-aceite-de-motor-chevrolet-camaro-usa\/","title":{"rendered":"Cantidad de aceite de motor Chevrolet Camaro (USA)"},"content":{"rendered":"<p><ul>\n \t<li><strong>Motor: <\/strong> C\u00f3digo de motor. Una secuencia de c\u00f3digo que consta de letras y n\u00fameros. El c\u00f3digo del motor incluye el tipo de bloque del motor y la familia del motor, pero tambi\u00e9n puede contener otra informaci\u00f3n.<\/li>\n \t<li><strong>Capacidad: <\/strong> Cantidad de aceite de motor \/ Capacidad filtro (litros \/ Cuartos de gal\u00f3n US)<\/li>\n \t<li><strong>Intervalo: <\/strong> Intervalos de cambio de aceite. El aceite del motor debe cambiarse a m\u00e1s tardar despu\u00e9s de este tiempo o despu\u00e9s de kil\u00f3metros\/km, lo que ocurra primero.<\/li>\n<\/ul>\n<p><strong>El filtro de aceite debe sustituirse cada vez que se cambie el aceite, a menos que el manual de instrucciones del coche recomiende lo contrario.<\/strong><\/p>\n<script async src=\"https:\/\/pagead2.googlesyndication.com\/pagead\/js\/adsbygoogle.js?client=ca-pub-6038864634240180\"\n     crossorigin=\"anonymous\"><\/script>\n<!-- oil-change-es-center -->\n<ins class=\"adsbygoogle\"\n     style=\"display:block\"\n     data-ad-client=\"ca-pub-6038864634240180\"\n     data-ad-slot=\"3708079678\"\n     data-ad-format=\"auto\"\n     data-full-width-responsive=\"true\"><\/ins>\n<script>\n     (adsbygoogle = window.adsbygoogle || []).push({});\n<\/script>\n\n<amp-ad width=\"100vw\" height=\"320\"\n     type=\"adsense\"\n     data-ad-client=\"ca-pub-6038864634240180\"\n     data-ad-slot=\"4999611438\"\n     data-auto-format=\"rspv\"\n     data-full-width=\"\">\n  <div overflow=\"\"><\/div>\n<\/amp-ad>\n\n<br>\n\n<strong>Modelo:\u00a0Chevrolet Camaro (USA)<\/strong><\/p>\n<table border=\"1\">\n<tbody>\n<tr>\n<th><img loading=\"lazy\" decoding=\"async\" class=\"alignnone size-full wp-image-5163\" src=\"https:\/\/oil-change.info\/es\/wp-content\/uploads\/chevrolet_camaro.jpg\" alt=\"Chevrolet Camaro\" width=\"157\" height=\"90\" \/><\/th>\n<th>Motor<\/th>\n<th>Capacidad<\/th>\n<th>Intervalo<\/th>\n<\/tr>\n<tr>\n<td>Camaro 2.0 Ecotec Turbo (2016 &#8211; )<\/td>\n<td>LTG<\/td>\n<td>4.7 l 4.97 Cuartos de gal\u00f3n de EE. UU. \/ Filtro: n\/a<\/td>\n<td>7 500 millas\/ 12 meses<\/td>\n<\/tr>\n<tr>\n<td>Camaro 3.4 V6 (1993 &#8211; 1996)<\/td>\n<td>L32 (207 CID)<\/td>\n<td>3.8 l 4.02 Cuartos de gal\u00f3n de EE. UU. \/ Filtro: n\/a<\/td>\n<td>12 500 km \/ 12 meses<\/td>\n<\/tr>\n<tr>\n<td>Camaro 3.8 V6 (1995 &#8211; 2002)<\/td>\n<td>L36<\/td>\n<td>4.2 l 4.44 Cuartos de gal\u00f3n de EE. UU. \/ Filtro: n\/a<\/td>\n<td>15 000 km \/ 12 meses<\/td>\n<\/tr>\n<tr>\n<td colspan=\"4\"><\/td>\n<\/tr>\n<tr>\n<td>Camaro Z28 5.7 (1993 &#8211; 1998)<\/td>\n<td>LT1 (350 CID)<\/td>\n<td>4.3 l 4.54 Cuartos de gal\u00f3n de EE. UU. \/ Filtro: n\/a<\/td>\n<td>12 500 km \/ 12 meses<\/td>\n<\/tr>\n<tr>\n<td>Camaro Z28 5.7 (1998 &#8211; 2002)<\/td>\n<td>LS1<\/td>\n<td>5.2 l 5.49 Cuartos de gal\u00f3n de EE. UU. \/ Filtro: n\/a<\/td>\n<td>15 000 km \/ 12 meses<\/td>\n<\/tr>\n<tr>\n<td>Camaro 3.6 V6 (227 kW) (2009 &#8211; 2010)<\/td>\n<td>LLT<\/td>\n<td>5.7 l 6.02 Cuartos de gal\u00f3n de EE. UU. \/ Filtro: n\/a<\/td>\n<td>12 meses<\/td>\n<\/tr>\n<tr>\n<td>Camaro 3.6 V6 (241 kW) (2013 &#8211; 2016)<\/td>\n<td>LFX<\/td>\n<td>5.7 l 6.02 Cuartos de gal\u00f3n de EE. UU. \/ Filtro: n\/a<\/td>\n<td>7 500 millas\/ 12 meses<\/td>\n<\/tr>\n<tr>\n<td>Camaro 3.6 V6 (241 kW) (2011 &#8211; 2012)<\/td>\n<td>LFX<\/td>\n<td>5.7 l 6.02 Cuartos de gal\u00f3n de EE. UU. \/ Filtro: n\/a<\/td>\n<td>7 500 millas\/ 12 meses<\/td>\n<\/tr>\n<tr>\n<td>Camaro 3.6 V6 (241 kW) (2016 &#8211; )<\/td>\n<td>LGX<\/td>\n<td>5.2 l 5.49 Cuartos de gal\u00f3n de EE. UU. \/ Filtro: n\/a<\/td>\n<td>12 meses<\/td>\n<\/tr>\n<tr>\n<td>Camaro 6.2 V8 (298 kW) (2013 &#8211; )<\/td>\n<td>L99<\/td>\n<td>7.6 l 8.03 Cuartos de gal\u00f3n de EE. UU. \/ Filtro: n\/a<\/td>\n<td>7 500 millas\/ 12 meses<\/td>\n<\/tr>\n<tr>\n<td>Camaro 6.2 V8 (298 kW) (2011 &#8211; 2012)<\/td>\n<td>L99<\/td>\n<td>7.6 l 8.03 Cuartos de gal\u00f3n de EE. UU. \/ Filtro: n\/a<\/td>\n<td>7 500 millas\/ 12 meses<\/td>\n<\/tr>\n<tr>\n<td>Camaro 6.2 V8 (298 kW) (2009 &#8211; 2010)<\/td>\n<td>L99<\/td>\n<td>7.6 l 8.03 Cuartos de gal\u00f3n de EE. UU. \/ Filtro: n\/a<\/td>\n<td>12 meses<\/td>\n<\/tr>\n<tr>\n<td>Camaro 6.2 V8 (318 kW) (2009 &#8211; 2010)<\/td>\n<td>LS3<\/td>\n<td>7.6 l 8.03 Cuartos de gal\u00f3n de EE. UU. \/ Filtro: n\/a<\/td>\n<td>12 meses<\/td>\n<\/tr>\n<tr>\n<td>Camaro 6.2 V8 (318 kW) (2011 &#8211; 2012)<\/td>\n<td>LS3<\/td>\n<td>7.6 l 8.03 Cuartos de gal\u00f3n de EE. UU. \/ Filtro: n\/a<\/td>\n<td>7 500 millas\/ 12 meses<\/td>\n<\/tr>\n<tr>\n<td>Camaro ZL1 6.2 Supercharged V8 (432 kW) (2012 &#8211; 2016)<\/td>\n<td>LSA<\/td>\n<td>7.6 l 8.03 Cuartos de gal\u00f3n de EE. UU. \/ Filtro: n\/a<\/td>\n<td>7 500 millas\/ 12 meses<\/td>\n<\/tr>\n<tr>\n<td>Camaro 6.2 V8 (318 kW) (2016 &#8211; )<\/td>\n<td>LT1<\/td>\n<td>9.5 l 10.04 Cuartos de gal\u00f3n de EE. UU. \/ Filtro: n\/a<\/td>\n<td>7 500 millas\/ 12 meses<\/td>\n<\/tr>\n<tr>\n<td>Camaro 6.2 V8 (318 kW) (2013 &#8211; 2016)<\/td>\n<td>LS3<\/td>\n<td>7.6 l 8.03 Cuartos de gal\u00f3n de EE. UU. \/ Filtro: n\/a<\/td>\n<td>7 500 millas\/ 12 meses<\/td>\n<\/tr>\n<tr>\n<td>Camaro Z28 7.0 V8 (2014 &#8211; 2016)<\/td>\n<td>LS7<\/td>\n<td>9.5 l 10.04 Cuartos de gal\u00f3n de EE. UU. \/ Filtro: n\/a<\/td>\n<td>7 500 millas\/ 12 meses<\/td>\n<\/tr>\n<\/tbody>\n<\/table>\n","protected":false},"excerpt":{"rendered":"<p>Modelo:\u00a0Chevrolet Camaro (USA) Motor Capacidad Intervalo Camaro 2.0 Ecotec Turbo (2016 &#8211; ) LTG 4.7 l 4.97 Cuartos de gal\u00f3n de EE. UU. \/ Filtro: n\/a 7 500 millas\/ 12 meses Camaro 3.4 V6 (1993 &#8211; 1996) L32 (207 CID) 3.8 l 4.02 Cuartos de gal\u00f3n de EE. UU. \/ Filtro: n\/a 12 500 km &hellip; <a href=\"https:\/\/oil-change.info\/es\/cantidad-de-aceite-de-motor-chevrolet-camaro-usa\/\" class=\"more-link\">Seguir leyendo <span class=\"screen-reader-text\">Cantidad de aceite de motor Chevrolet Camaro (USA)<\/span> <span class=\"meta-nav\">&rarr;<\/span><\/a><\/p>\n","protected":false},"author":1,"featured_media":0,"parent":0,"menu_order":0,"comment_status":"closed","ping_status":"closed","template":"","meta":{"footnotes":""},"class_list":["post-3703","page","type-page","status-publish","hentry"],"_links":{"self":[{"href":"https:\/\/oil-change.info\/es\/wp-json\/wp\/v2\/pages\/3703","targetHints":{"allow":["GET"]}}],"collection":[{"href":"https:\/\/oil-change.info\/es\/wp-json\/wp\/v2\/pages"}],"about":[{"href":"https:\/\/oil-change.info\/es\/wp-json\/wp\/v2\/types\/page"}],"author":[{"embeddable":true,"href":"https:\/\/oil-change.info\/es\/wp-json\/wp\/v2\/users\/1"}],"replies":[{"embeddable":true,"href":"https:\/\/oil-change.info\/es\/wp-json\/wp\/v2\/comments?post=3703"}],"version-history":[{"count":4,"href":"https:\/\/oil-change.info\/es\/wp-json\/wp\/v2\/pages\/3703\/revisions"}],"predecessor-version":[{"id":15251,"href":"https:\/\/oil-change.info\/es\/wp-json\/wp\/v2\/pages\/3703\/revisions\/15251"}],"wp:attachment":[{"href":"https:\/\/oil-change.info\/es\/wp-json\/wp\/v2\/media?parent=3703"}],"curies":[{"name":"wp","href":"https:\/\/api.w.org\/{rel}","templated":true}]}}