{"id":421,"date":"2014-06-16T12:25:26","date_gmt":"2014-06-16T10:25:26","guid":{"rendered":"http:\/\/olajcsere.org\/wp\/?page_id=421"},"modified":"2021-09-15T15:03:28","modified_gmt":"2021-09-15T15:03:28","slug":"cantidad-de-aceite-de-motor-ford-fiesta-6","status":"publish","type":"page","link":"https:\/\/oil-change.info\/es\/cantidad-de-aceite-de-motor-ford-fiesta-6\/","title":{"rendered":"Cantidad de aceite de motor Ford Fiesta 6"},"content":{"rendered":"<p><ul>\n \t<li><strong>Motor: <\/strong> C\u00f3digo de motor. Una secuencia de c\u00f3digo que consta de letras y n\u00fameros. El c\u00f3digo del motor incluye el tipo de bloque del motor y la familia del motor, pero tambi\u00e9n puede contener otra informaci\u00f3n.<\/li>\n \t<li><strong>Capacidad: <\/strong> Cantidad de aceite de motor \/ Capacidad filtro (litros \/ Cuartos de gal\u00f3n US)<\/li>\n \t<li><strong>Intervalo: <\/strong> Intervalos de cambio de aceite. El aceite del motor debe cambiarse a m\u00e1s tardar despu\u00e9s de este tiempo o despu\u00e9s de kil\u00f3metros\/km, lo que ocurra primero.<\/li>\n<\/ul>\n<p><strong>El filtro de aceite debe sustituirse cada vez que se cambie el aceite, a menos que el manual de instrucciones del coche recomiende lo contrario.<\/strong><\/p>\n<script async src=\"https:\/\/pagead2.googlesyndication.com\/pagead\/js\/adsbygoogle.js?client=ca-pub-6038864634240180\"\n     crossorigin=\"anonymous\"><\/script>\n<!-- oil-change-es-center -->\n<ins class=\"adsbygoogle\"\n     style=\"display:block\"\n     data-ad-client=\"ca-pub-6038864634240180\"\n     data-ad-slot=\"3708079678\"\n     data-ad-format=\"auto\"\n     data-full-width-responsive=\"true\"><\/ins>\n<script>\n     (adsbygoogle = window.adsbygoogle || []).push({});\n<\/script>\n\n<amp-ad width=\"100vw\" height=\"320\"\n     type=\"adsense\"\n     data-ad-client=\"ca-pub-6038864634240180\"\n     data-ad-slot=\"4999611438\"\n     data-auto-format=\"rspv\"\n     data-full-width=\"\">\n  <div overflow=\"\"><\/div>\n<\/amp-ad>\n\n<br>\n\n<strong>Modelo:\u00a0Ford\u00a0Fiesta, MK VI (2008 &#8211; ) (EU)<\/strong><\/p>\n<table border=\"1\">\n<tbody>\n<tr>\n<th><img loading=\"lazy\" decoding=\"async\" class=\"alignnone size-thumbnail wp-image-6484\" src=\"https:\/\/oil-change.info\/es\/wp-content\/uploads\/ford_fiesta_6_2-150x90.jpg\" alt=\"Ford\u00a0Fiesta, MK VI (2008 - ) (EU)\" width=\"150\" height=\"90\" \/><\/th>\n<th>Motor<\/th>\n<th>Capacidad<\/th>\n<th>Intervalo<\/th>\n<\/tr>\n<tr>\n<td>Fiesta 1.0 (48 kW) (2012 &#8211; )<\/td>\n<td>XMJA \/ XMJB \/ XMJC \/ XMJD<\/td>\n<td>4.1 \/ 0.1<\/td>\n<td>n\/a<\/td>\n<\/tr>\n<tr>\n<td>Fiesta 1.0 (59 kW) (2012 &#8211; )<\/td>\n<td>P4JA \/ P4JB \/ P4JC \/ P4JD<\/td>\n<td>4.1 \/ 0.1<\/td>\n<td>n\/a<\/td>\n<\/tr>\n<tr>\n<td>Fiesta 1.0 EcoBoost (74 kW) (2012 &#8211; )<\/td>\n<td>SFJA<br \/>\nSFJB<br \/>\nSFJC<br \/>\nSFJD<\/td>\n<td>4.1 \/ 0.1<\/td>\n<td>20 000 km\/ 12 meses<\/td>\n<\/tr>\n<tr>\n<td>Fiesta 1.0 EcoBoost (92 kW) (2012 &#8211; )<\/td>\n<td>M1JE\/M1JH<\/td>\n<td>4.6 \/ 0.2<\/td>\n<td>20 000 km\/ 12 meses<\/td>\n<\/tr>\n<tr>\n<td>Fiesta 1.0 EcoBoost Red\/Black (103 kW) (2014 &#8211; )<\/td>\n<td>YYJA\/YYJB<\/td>\n<td>4.6 \/ 0.2<\/td>\n<td>20 000 km\/ 12 meses<\/td>\n<\/tr>\n<tr>\n<td colspan=\"4\"><\/td>\n<\/tr>\n<tr>\n<td>Fiesta 1.25 16V (44 kW) (2008 &#8211; 2011)<\/td>\n<td>STJA\/STJB Duratec<\/td>\n<td>3.8 \/ 0.3<\/td>\n<td>20 000 km\/ 12 meses<\/td>\n<\/tr>\n<tr>\n<td>Fiesta 1.25 16V (44 kW) (2012 &#8211; )<\/td>\n<td>STJA \/ STJB \/ STJC \/ STJD<\/td>\n<td>3.8-4 \/ 0.3<\/td>\n<td>20 000 km\/ 12 meses<\/td>\n<\/tr>\n<tr>\n<td>Fiesta 1.25 16V (60 kW) (2008 &#8211; 2011)<\/td>\n<td>SNJA\/SNJB Duratec<\/td>\n<td>3.8 \/ 0.3<\/td>\n<td>20 000 km\/ 12 meses<\/td>\n<\/tr>\n<tr>\n<td>Fiesta 1.25 16V (60 kW) (2012 &#8211; )<\/td>\n<td>SNJA \/ SNJB \/ SNJC \/ SNJD<\/td>\n<td>3.8-4 \/ 0.3<\/td>\n<td>20 000 km\/ 12 meses<\/td>\n<\/tr>\n<tr>\n<td>Fiesta 1.4 16V (2008 &#8211; 2011)<\/td>\n<td>RTJA<br \/>\nSPJA<br \/>\nRTJB<br \/>\nSPJC<br \/>\nDuratec<\/td>\n<td>3.8 \/ 0.25<\/td>\n<td>20 000 km\/ 12 meses<\/td>\n<\/tr>\n<tr>\n<td>Fiesta 1.4 16V (2012 &#8211; 2012)<\/td>\n<td>RTJA<br \/>\nSPJA<br \/>\nRTJB<br \/>\nSPJC<br \/>\nDuratec<\/td>\n<td>3.8 \/ 0.25<\/td>\n<td>20 000 km\/ 12 meses<\/td>\n<\/tr>\n<tr>\n<td>Fiesta 1.4 16V LPG (2009 &#8211; 2011)<\/td>\n<td>RTJA\/RTJB<\/p>\n<p>Duratec Flex Fuel<\/td>\n<td>3.8 \/ 0.25<\/td>\n<td>20 000 km\/ 12 meses<\/td>\n<\/tr>\n<tr>\n<td>Fiesta 1.4 16V LPG (2012 &#8211; 2012)<\/td>\n<td>RTJA\/RTJB<\/p>\n<p>Duratec Flex Fuel<\/td>\n<td>3.8 \/ 0.25<\/td>\n<td>20 000 km\/ 12 meses<\/td>\n<\/tr>\n<tr>\n<td>Fiesta 1.6 Ti-VCT (77 kW) (2012 &#8211; )<\/td>\n<td>IQJA \/ IQJC<\/td>\n<td>4.05 \/ 0.3<\/td>\n<td>20 000 km\/ 12 meses<\/td>\n<\/tr>\n<tr>\n<td>Fiesta 1.6 16V Ti-VCT (88 kW) (2008 &#8211; 2010)<\/td>\n<td>HXJA Duratec Ti-VCT<\/td>\n<td>4.05 \/ 0.3<\/td>\n<td>20 000 km\/ 12 meses<\/td>\n<\/tr>\n<tr>\n<td>Fiesta 1.6 16V Ti-VCT (88 kW) (2011 &#8211; 2012)<\/td>\n<td>HXJA Duratec Ti-VCT<\/td>\n<td>4.05 \/ 0.3<\/td>\n<td>20 000 km\/ 12 meses<\/td>\n<\/tr>\n<tr>\n<td>Fiesta 1.6 16V Ti-VCT (99 kW) (2008 &#8211; 2010)<\/td>\n<td>HXJB Duratec Ti-VCT<\/td>\n<td>4.05 \/ 0.3<\/td>\n<td>20 000 km\/ 12 meses<\/td>\n<\/tr>\n<tr>\n<td>Fiesta 1.6 16V Ti-VCT (99 kW) (2011 &#8211; 2012)<\/td>\n<td>HXJB Duratec Ti-VCT<\/td>\n<td>4.05 \/ 0.3<\/td>\n<td>20 000 km\/ 12 meses<\/td>\n<\/tr>\n<tr>\n<td>Fiesta ST 1.6 Ecoboost (132 kW) (2013 &#8211; )<\/td>\n<td>JTJA<\/td>\n<td>4.05 \/ 0.3<\/td>\n<td>20 000 km\/ 12 meses<\/td>\n<\/tr>\n<tr>\n<td>Fiesta 1.4 TDCi Duratorq (2008 &#8211; 2010)<\/td>\n<td>F6JD<\/td>\n<td>3.8 \/ 0.4<\/td>\n<td>20 000 km\/ 12 meses<\/td>\n<\/tr>\n<tr>\n<td>Fiesta 1.4 TDCi Duratorq Euro 5 (2010 &#8211; 2012)<\/td>\n<td>KVJA<\/td>\n<td>3.85 \/ 0.4<\/td>\n<td>15 000 km\/ 12 meses<\/td>\n<\/tr>\n<tr>\n<td>Fiesta 1.5 TDCi Duratorq (55 kW) (2012 &#8211; )<\/td>\n<td>UGJC<\/td>\n<td>3.85 \/ 0.4<\/td>\n<td>20 000 km\/ 12 meses<\/td>\n<\/tr>\n<tr>\n<td>Fiesta 1.5 TDCi Duratorq (70 kW) (2015 &#8211; )<\/td>\n<td>XVJB \/ XVJC<\/td>\n<td>3.85 \/ 0.4<\/td>\n<td>20 000 km\/ 12 meses<\/td>\n<\/tr>\n<tr>\n<td>Fiesta 1.6 TDCi Duratorq (2008 &#8211; 2010)<\/td>\n<td>HHJD<\/td>\n<td>3.85 \/ 0.4<\/td>\n<td>20 000 km\/ 12 meses<\/td>\n<\/tr>\n<tr>\n<td>Fiesta 1.6 TDCi Duratorq (55 kW) Euro 5 (2012 &#8211; )<\/td>\n<td>UBJA \/ HHJF Duratorq<\/td>\n<td>3.85 \/ 0.4<\/td>\n<td>20 000 km\/ 12 meses<\/td>\n<\/tr>\n<tr>\n<td>Fiesta 1.6 TDCi Duratorq (66 kW) Euro 5 (2010 &#8211; 2012)<\/td>\n<td>UBJA Duratorq<\/td>\n<td>3.85 \/ 0.4<\/td>\n<td>15 000 km\/ 12 meses<\/td>\n<\/tr>\n<tr>\n<td>Fiesta 1.6 TDCi Duratorq (70 kW) Euro 5 (2010 &#8211; 2011)<\/td>\n<td>TZJA\/T3DA\/T3DB Duratorq<\/td>\n<td>3.85 \/ 0.4<\/td>\n<td>20 000 km\/ 12 meses<\/td>\n<\/tr>\n<tr>\n<td>Fiesta 1.6 TDCi Duratorq (70 kW) Euro 5 (2012 &#8211; )<\/td>\n<td>TZJA\/T3DA\/T3DB Duratorq<\/td>\n<td>3.85 \/ 0.4<\/td>\n<td>20 000 km\/ 12 meses<\/td>\n<\/tr>\n<\/tbody>\n<\/table>\n","protected":false},"excerpt":{"rendered":"<p>Modelo:\u00a0Ford\u00a0Fiesta, MK VI (2008 &#8211; ) (EU) Motor Capacidad Intervalo Fiesta 1.0 (48 kW) (2012 &#8211; ) XMJA \/ XMJB \/ XMJC \/ XMJD 4.1 \/ 0.1 n\/a Fiesta 1.0 (59 kW) (2012 &#8211; ) P4JA \/ P4JB \/ P4JC \/ P4JD 4.1 \/ 0.1 n\/a Fiesta 1.0 EcoBoost (74 kW) (2012 &#8211; ) SFJA &hellip; <a href=\"https:\/\/oil-change.info\/es\/cantidad-de-aceite-de-motor-ford-fiesta-6\/\" class=\"more-link\">Seguir leyendo <span class=\"screen-reader-text\">Cantidad de aceite de motor Ford Fiesta 6<\/span> <span class=\"meta-nav\">&rarr;<\/span><\/a><\/p>\n","protected":false},"author":1,"featured_media":0,"parent":0,"menu_order":0,"comment_status":"open","ping_status":"open","template":"","meta":{"footnotes":""},"class_list":["post-421","page","type-page","status-publish","hentry"],"_links":{"self":[{"href":"https:\/\/oil-change.info\/es\/wp-json\/wp\/v2\/pages\/421","targetHints":{"allow":["GET"]}}],"collection":[{"href":"https:\/\/oil-change.info\/es\/wp-json\/wp\/v2\/pages"}],"about":[{"href":"https:\/\/oil-change.info\/es\/wp-json\/wp\/v2\/types\/page"}],"author":[{"embeddable":true,"href":"https:\/\/oil-change.info\/es\/wp-json\/wp\/v2\/users\/1"}],"replies":[{"embeddable":true,"href":"https:\/\/oil-change.info\/es\/wp-json\/wp\/v2\/comments?post=421"}],"version-history":[{"count":4,"href":"https:\/\/oil-change.info\/es\/wp-json\/wp\/v2\/pages\/421\/revisions"}],"predecessor-version":[{"id":16466,"href":"https:\/\/oil-change.info\/es\/wp-json\/wp\/v2\/pages\/421\/revisions\/16466"}],"wp:attachment":[{"href":"https:\/\/oil-change.info\/es\/wp-json\/wp\/v2\/media?parent=421"}],"curies":[{"name":"wp","href":"https:\/\/api.w.org\/{rel}","templated":true}]}}