{"id":4317,"date":"2016-01-22T22:42:53","date_gmt":"2016-01-22T22:42:53","guid":{"rendered":"https:\/\/wp.oil-change.info\/?page_id=4317"},"modified":"2021-07-13T10:06:23","modified_gmt":"2021-07-13T10:06:23","slug":"cantidad-de-aceite-de-motor-toyota-tacoma-usa","status":"publish","type":"page","link":"https:\/\/oil-change.info\/es\/cantidad-de-aceite-de-motor-toyota-tacoma-usa\/","title":{"rendered":"Cantidad de aceite de motor Toyota Tacoma (USA)"},"content":{"rendered":"<p><ul>\n \t<li><strong>Motor: <\/strong> C\u00f3digo de motor. Una secuencia de c\u00f3digo que consta de letras y n\u00fameros. El c\u00f3digo del motor incluye el tipo de bloque del motor y la familia del motor, pero tambi\u00e9n puede contener otra informaci\u00f3n.<\/li>\n \t<li><strong>Capacidad: <\/strong> Cantidad de aceite de motor \/ Capacidad filtro (litros \/ Cuartos de gal\u00f3n US)<\/li>\n \t<li><strong>Intervalo: <\/strong> Intervalos de cambio de aceite. El aceite del motor debe cambiarse a m\u00e1s tardar despu\u00e9s de este tiempo o despu\u00e9s de kil\u00f3metros\/km, lo que ocurra primero.<\/li>\n<\/ul>\n<p><strong>El filtro de aceite debe sustituirse cada vez que se cambie el aceite, a menos que el manual de instrucciones del coche recomiende lo contrario.<\/strong><\/p>\n<script async src=\"https:\/\/pagead2.googlesyndication.com\/pagead\/js\/adsbygoogle.js?client=ca-pub-6038864634240180\"\n     crossorigin=\"anonymous\"><\/script>\n<!-- oil-change-es-center -->\n<ins class=\"adsbygoogle\"\n     style=\"display:block\"\n     data-ad-client=\"ca-pub-6038864634240180\"\n     data-ad-slot=\"3708079678\"\n     data-ad-format=\"auto\"\n     data-full-width-responsive=\"true\"><\/ins>\n<script>\n     (adsbygoogle = window.adsbygoogle || []).push({});\n<\/script>\n\n<amp-ad width=\"100vw\" height=\"320\"\n     type=\"adsense\"\n     data-ad-client=\"ca-pub-6038864634240180\"\n     data-ad-slot=\"4999611438\"\n     data-auto-format=\"rspv\"\n     data-full-width=\"\">\n  <div overflow=\"\"><\/div>\n<\/amp-ad>\n\n<br>\n\n<strong>Modelo:\u00a0Toyota\u00a0Tacoma (1995 &#8211; 2004)<\/strong><\/p>\n<table border=\"1\">\n<tbody>\n<tr>\n<th><img loading=\"lazy\" decoding=\"async\" class=\"alignnone size-full wp-image-5348\" src=\"https:\/\/oil-change.info\/es\/wp-content\/uploads\/toyota_tacoma_2000.jpg\" alt=\"Toyota Tacoma 2000 model\" width=\"135\" height=\"90\" \/><\/th>\n<th>Motor<\/th>\n<th>Capacidad<\/th>\n<th>Intervalo<\/th>\n<\/tr>\n<tr>\n<td>Tacoma 2.4 16V 2WD (USA) (RZN 140\/150) (1996 &#8211; 1996)<\/td>\n<td>2RZ-FE<\/td>\n<td>5.5 l 5.81 Cuartos de gal\u00f3n de EE. UU. \/ Filtro: 0.7 l 0.74 Cuartos de gal\u00f3n de EE. UU.<\/td>\n<td>7 500 millas\/ 6 meses<\/td>\n<\/tr>\n<tr>\n<td>Tacoma 2.4 16V 2WD (CAN) (RZN 140\/150) (1997 &#8211; 1997)<\/td>\n<td>2RZ-FE<\/td>\n<td>5.5 l 5.81 Cuartos de gal\u00f3n de EE. UU. \/ Filtro: 0.7 l 0.74 Cuartos de gal\u00f3n de EE. UU.<\/td>\n<td>6 000 km \/ 6 meses<\/td>\n<\/tr>\n<tr>\n<td colspan=\"4\"><\/td>\n<\/tr>\n<tr>\n<td>Tacoma 2.4 16V 2WD (USA) (RZN 140\/150) (1997 &#8211; 1997)<\/td>\n<td>2RZ-FE<\/td>\n<td>5.5 l 5.81 Cuartos de gal\u00f3n de EE. UU. \/ Filtro: 0.7 l 0.74 Cuartos de gal\u00f3n de EE. UU.<\/td>\n<td>7 500 millas\/ 6 meses<\/td>\n<\/tr>\n<tr>\n<td>Tacoma 2.4 16V 2WD (CAN) (RZN 140\/150) (1996 &#8211; 1996)<\/td>\n<td>2RZ-FE<\/td>\n<td>5.5 l 5.81 Cuartos de gal\u00f3n de EE. UU. \/ Filtro: 0.7 l 0.74 Cuartos de gal\u00f3n de EE. UU.<\/td>\n<td>6 000 km \/ 6 meses<\/td>\n<\/tr>\n<tr>\n<td>Tacoma 2.4 16V 2WD (USA) (RZN 140\/150) (1998 &#8211; 1998)<\/td>\n<td>2RZ-FE<\/td>\n<td>5.5 l 5.81 Cuartos de gal\u00f3n de EE. UU. \/ Filtro: 0.7 l 0.74 Cuartos de gal\u00f3n de EE. UU.<\/td>\n<td>7 500 millas\/ 6 meses<\/td>\n<\/tr>\n<tr>\n<td>Tacoma 2.4 16V 2WD (CAN) (RZN 140\/150) (1998 &#8211; 1998)<\/td>\n<td>2RZ-FE<\/td>\n<td>5.5 l 5.81 Cuartos de gal\u00f3n de EE. UU. \/ Filtro: 0.7 l 0.74 Cuartos de gal\u00f3n de EE. UU.<\/td>\n<td>6 000 km \/ 6 meses<\/td>\n<\/tr>\n<tr>\n<td>Tacoma 2.4 16V 2WD (USA) (RZN 140\/150) (1999 &#8211; 2001)<\/td>\n<td>2RZ-FE<\/td>\n<td>5.5 l 5.81 Cuartos de gal\u00f3n de EE. UU. \/ Filtro: 0.7 l 0.74 Cuartos de gal\u00f3n de EE. UU.<\/td>\n<td>7 500 millas\/ 6 meses<\/td>\n<\/tr>\n<tr>\n<td>Tacoma 2.4 16V 2WD (CAN) (RZN 140\/150) (1999 &#8211; 2001)<\/td>\n<td>2RZ-FE<\/td>\n<td>5.5 l 5.81 Cuartos de gal\u00f3n de EE. UU. \/ Filtro: 0.7 l 0.74 Cuartos de gal\u00f3n de EE. UU.<\/td>\n<td>8 000 km \/ 6 meses<\/td>\n<\/tr>\n<tr>\n<td>Tacoma 2.4 16V 2WD (CAN) (RZN 140\/150) (2002 &#8211; 2003)<\/td>\n<td>2RZ-FE<\/td>\n<td>5.5 l 5.81 Cuartos de gal\u00f3n de EE. UU. \/ Filtro: 0.7 l 0.74 Cuartos de gal\u00f3n de EE. UU.<\/td>\n<td>8 000 km \/ 6 meses<\/td>\n<\/tr>\n<tr>\n<td>Tacoma 2.4 16V 2WD (USA) (RZN 140\/150) (2002 &#8211; 2003)<\/td>\n<td>2RZ-FE<\/td>\n<td>5.5 l 5.81 Cuartos de gal\u00f3n de EE. UU. \/ Filtro: 0.7 l 0.74 Cuartos de gal\u00f3n de EE. UU.<\/td>\n<td>7 500 millas\/ 6 meses<\/td>\n<\/tr>\n<tr>\n<td>Tacoma 2.4 16V 2WD (CAN) (RZN 140\/150) (2001 &#8211; 2002)<\/td>\n<td>2RZ-FE<\/td>\n<td>5.5 l 5.81 Cuartos de gal\u00f3n de EE. UU. \/ Filtro: 0.7 l 0.74 Cuartos de gal\u00f3n de EE. UU.<\/td>\n<td>8 000 km \/ 6 meses<\/td>\n<\/tr>\n<tr>\n<td>Tacoma 2.4 16V 2WD (USA) (RZN 140\/150) (2001 &#8211; 2002)<\/td>\n<td>2RZ-FE<\/td>\n<td>5.5 l 5.81 Cuartos de gal\u00f3n de EE. UU. \/ Filtro: 0.7 l 0.74 Cuartos de gal\u00f3n de EE. UU.<\/td>\n<td>7 500 millas\/ 6 meses<\/td>\n<\/tr>\n<tr>\n<td>Tacoma 2.4 16V 2WD (USA) (RZN 140\/150) (2003 &#8211; 2004)<\/td>\n<td>2RZ-FE<\/td>\n<td>5.5 l 5.81 Cuartos de gal\u00f3n de EE. UU. \/ Filtro: 0.7 l 0.74 Cuartos de gal\u00f3n de EE. UU.<\/td>\n<td>5 000 millas\/ 6 meses<\/td>\n<\/tr>\n<tr>\n<td>Tacoma 2.7 16V 4WD (USA) (RZN 161\/171) (1996 &#8211; 1996)<\/td>\n<td>3RZ-FE<\/td>\n<td>5.4 l 5.71 Cuartos de gal\u00f3n de EE. UU. \/ Filtro: 0.7 l 0.74 Cuartos de gal\u00f3n de EE. UU.<\/td>\n<td>7 500 millas\/ 6 meses<\/td>\n<\/tr>\n<tr>\n<td>Tacoma 2.4 16V 2WD (CAN) (RZN 140\/150) (2003 &#8211; 2004)<\/td>\n<td>2RZ-FE<\/td>\n<td>5.5 l 5.81 Cuartos de gal\u00f3n de EE. UU. \/ Filtro: 0.7 l 0.74 Cuartos de gal\u00f3n de EE. UU.<\/td>\n<td>8 000 km \/ 6 meses<\/td>\n<\/tr>\n<tr>\n<td>Tacoma 2.7 16V 4WD (CAN) (RZN 161\/171) (1996 &#8211; 1996)<\/td>\n<td>3RZ-FE<\/td>\n<td>5.4 l 5.71 Cuartos de gal\u00f3n de EE. UU. \/ Filtro: 0.7 l 0.74 Cuartos de gal\u00f3n de EE. UU.<\/td>\n<td>6 000 km \/ 6 meses<\/td>\n<\/tr>\n<tr>\n<td>Tacoma 2.7 16V 4WD (USA) (RZN 161\/171) (1997 &#8211; 1997)<\/td>\n<td>3RZ-FE<\/td>\n<td>5.4 l 5.71 Cuartos de gal\u00f3n de EE. UU. \/ Filtro: 0.7 l 0.74 Cuartos de gal\u00f3n de EE. UU.<\/td>\n<td>7 500 millas\/ 6 meses<\/td>\n<\/tr>\n<tr>\n<td>Tacoma 2.7 16V 4WD (CAN) (RZN 161\/171) (1997 &#8211; 1997)<\/td>\n<td>3RZ-FE<\/td>\n<td>5.4 l 5.71 Cuartos de gal\u00f3n de EE. UU. \/ Filtro: 0.7 l 0.74 Cuartos de gal\u00f3n de EE. UU.<\/td>\n<td>6 000 km \/ 6 meses<\/td>\n<\/tr>\n<tr>\n<td>Tacoma 2.7 16V 4WD (USA) (RZN 161\/171) (1998 &#8211; 1998)<\/td>\n<td>3RZ-FE<\/td>\n<td>5.4 l 5.71 Cuartos de gal\u00f3n de EE. UU. \/ Filtro: 0.7 l 0.74 Cuartos de gal\u00f3n de EE. UU.<\/td>\n<td>7 500 millas\/ 6 meses<\/td>\n<\/tr>\n<tr>\n<td>Tacoma 2.7 16V 4WD (CAN) (RZN 161\/171) (1998 &#8211; 1998)<\/td>\n<td>3RZ-FE<\/td>\n<td>5.4 l 5.71 Cuartos de gal\u00f3n de EE. UU. \/ Filtro: 0.7 l 0.74 Cuartos de gal\u00f3n de EE. UU.<\/td>\n<td>6 000 km \/ 6 meses<\/td>\n<\/tr>\n<tr>\n<td>Tacoma 2.7 16V 2WD (USA) (RZN 191) (1999 &#8211; 2001)<\/td>\n<td>3RZ-FE<\/td>\n<td>5.4 l 5.71 Cuartos de gal\u00f3n de EE. UU. \/ Filtro: 0.7 l 0.74 Cuartos de gal\u00f3n de EE. UU.<\/td>\n<td>7 500 millas\/ 6 meses<\/td>\n<\/tr>\n<tr>\n<td>Tacoma 2.7 16V 2WD (CAN) (RZN 191) (1999 &#8211; 2001)<\/td>\n<td>3RZ-FE<\/td>\n<td>5.4 l 5.71 Cuartos de gal\u00f3n de EE. UU. \/ Filtro: 0.7 l 0.74 Cuartos de gal\u00f3n de EE. UU.<\/td>\n<td>8 000 km \/ 6 meses<\/td>\n<\/tr>\n<tr>\n<td>Tacoma 2.7 16V 4WD (CAN) (RZN 161\/171) (1999 &#8211; 2001)<\/td>\n<td>3RZ-FE<\/td>\n<td>5.4 l 5.71 Cuartos de gal\u00f3n de EE. UU. \/ Filtro: 0.7 l 0.74 Cuartos de gal\u00f3n de EE. UU.<\/td>\n<td>8 000 km \/ 6 meses<\/td>\n<\/tr>\n<tr>\n<td>Tacoma 2.7 16V 4WD (USA) (RZN 161\/171) (1999 &#8211; 2001)<\/td>\n<td>3RZ-FE<\/td>\n<td>5.4 l 5.71 Cuartos de gal\u00f3n de EE. UU. \/ Filtro: 0.7 l 0.74 Cuartos de gal\u00f3n de EE. UU.<\/td>\n<td>7 500 millas\/ 6 meses<\/td>\n<\/tr>\n<tr>\n<td>Tacoma 2.7 16V 2WD (USA) (RZN 191\/196) (2001 &#8211; 2002)<\/td>\n<td>3RZ-FE<\/td>\n<td>5.4 l 5.71 Cuartos de gal\u00f3n de EE. UU. \/ Filtro: 0.7 l 0.74 Cuartos de gal\u00f3n de EE. UU.<\/td>\n<td>7 500 millas\/ 6 meses<\/td>\n<\/tr>\n<\/tbody>\n<\/table>\n<p><strong>Modelo:\u00a0Toyota Tacoma (2005 &#8211; 2015)\u00a0(USA\/CAN)<\/strong><\/p>\n<table border=\"1\">\n<tbody>\n<tr>\n<th><img loading=\"lazy\" decoding=\"async\" class=\"alignnone size-full wp-image-4320\" src=\"https:\/\/oil-change.info\/es\/wp-content\/uploads\/2016\/01\/toyota_tacoma_2015.jpg\" alt=\"Toyota Tacoma 2015\" width=\"124\" height=\"93\" \/><\/th>\n<th>Motor<\/th>\n<th>Capacidad<\/th>\n<th>Intervalo<\/th>\n<\/tr>\n<tr>\n<td>Tacoma 2.7 16V 4WD (USA) (TRN 240\/245) (2005 &#8211; 2005)<\/td>\n<td>2TR-FE<\/td>\n<td>5.8 l 6.13 Cuartos de gal\u00f3n de EE. UU. \/ Filtro: 0.7 l 0.74 Cuartos de gal\u00f3n de EE. UU.<\/td>\n<td>5 000 millas\/ 6 meses<\/td>\n<\/tr>\n<tr>\n<td>Tacoma 2.7 16V 2WD (USA) (TRN 220\/225) (2005 &#8211; 2005)<\/td>\n<td>2TR-FE<\/td>\n<td>5.8 l 6.13 Cuartos de gal\u00f3n de EE. UU. \/ Filtro: 0.7 l 0.74 Cuartos de gal\u00f3n de EE. UU.<\/td>\n<td>5 000 millas\/ 6 meses<\/td>\n<\/tr>\n<tr>\n<td>Tacoma 2.7 16V 2WD (CAN) (TRN 220\/225) (2005 &#8211; 2005)<\/td>\n<td>2TR-FE<\/td>\n<td>5.8 l 6.13 Cuartos de gal\u00f3n de EE. UU. \/ Filtro: 0.7 l 0.74 Cuartos de gal\u00f3n de EE. UU.<\/td>\n<td>8 000 km \/ 6 meses<\/td>\n<\/tr>\n<tr>\n<td>Tacoma 2.7 16V 2WD (USA) (TRN 220\/225) (2007 &#8211; 2008)<\/td>\n<td>2TR-FE<\/td>\n<td>5.8 l 6.13 Cuartos de gal\u00f3n de EE. UU. \/ Filtro: 0.7 l 0.74 Cuartos de gal\u00f3n de EE. UU.<\/td>\n<td>5 000 millas\/ 6 meses<\/td>\n<\/tr>\n<tr>\n<td>Tacoma 2.7 16V 4WD (USA) (TRN 240\/245) (2006 &#8211; 2006)<\/td>\n<td>2TR-FE<\/td>\n<td>5.8 l 6.13 Cuartos de gal\u00f3n de EE. UU. \/ Filtro: 0.7 l 0.74 Cuartos de gal\u00f3n de EE. UU.<\/td>\n<td>5 000 millas\/ 6 meses<\/td>\n<\/tr>\n<tr>\n<td>Tacoma 2.7 16V 2WD (CAN) (TRN 220\/225) (2006 &#8211; 2006)<\/td>\n<td>2TR-FE<\/td>\n<td>5.8 l 6.13 Cuartos de gal\u00f3n de EE. UU. \/ Filtro: 0.7 l 0.74 Cuartos de gal\u00f3n de EE. UU.<\/td>\n<td>8 000 km \/ 6 meses<\/td>\n<\/tr>\n<tr>\n<td>Tacoma 2.7 16V 2WD (USA) (TRN 220\/225) (2006 &#8211; 2006)<\/td>\n<td>2TR-FE<\/td>\n<td>5.8 l 6.13 Cuartos de gal\u00f3n de EE. UU. \/ Filtro: 0.7 l 0.74 Cuartos de gal\u00f3n de EE. UU.<\/td>\n<td>5 000 millas\/ 6 meses<\/td>\n<\/tr>\n<tr>\n<td>Tacoma 2.7 16V 2WD (CAN) (TRN 220\/225) (2007 &#8211; 2008)<\/td>\n<td>2TR-FE<\/td>\n<td>5.8 l 6.13 Cuartos de gal\u00f3n de EE. UU. \/ Filtro: 0.7 l 0.74 Cuartos de gal\u00f3n de EE. UU.<\/td>\n<td>8 000 km \/ 6 meses<\/td>\n<\/tr>\n<tr>\n<td>Tacoma 2.7 16V 4WD (USA) (TRN 240\/245) (2007 &#8211; 2008)<\/td>\n<td>2TR-FE<\/td>\n<td>5.8 l 6.13 Cuartos de gal\u00f3n de EE. UU. \/ Filtro: 0.7 l 0.74 Cuartos de gal\u00f3n de EE. UU.<\/td>\n<td>5 000 millas\/ 6 meses<\/td>\n<\/tr>\n<tr>\n<td>Tacoma 2.7 16V 4WD (CAN) (TRN 240\/245) (2007 &#8211; 2008)<\/td>\n<td>2TR-FE<\/td>\n<td>5.8 l 6.13 Cuartos de gal\u00f3n de EE. UU. \/ Filtro: 0.7 l 0.74 Cuartos de gal\u00f3n de EE. UU.<\/td>\n<td>8 000 km \/ 6 meses<\/td>\n<\/tr>\n<tr>\n<td>Tacoma 2.7 16V 2WD (USA) (TRN 220\/225) (2009 &#8211; 2010)<\/td>\n<td>2TR-FE<\/td>\n<td>5.8 l 6.13 Cuartos de gal\u00f3n de EE. UU. \/ Filtro: 0.7 l 0.74 Cuartos de gal\u00f3n de EE. UU.<\/td>\n<td>5 000 millas\/ 6 meses<\/td>\n<\/tr>\n<tr>\n<td>Tacoma 2.7 16V 2WD (CAN) (TRN 220\/225) (2009 &#8211; 2010)<\/td>\n<td>2TR-FE<\/td>\n<td>5.8 l 6.13 Cuartos de gal\u00f3n de EE. UU. \/ Filtro: 0.7 l 0.74 Cuartos de gal\u00f3n de EE. UU.<\/td>\n<td>8 000 km \/ 6 meses<\/td>\n<\/tr>\n<tr>\n<td>Tacoma 2.7 16V 4WD (USA) (TRN 240\/245) (2009 &#8211; 2010)<\/td>\n<td>2TR-FE<\/td>\n<td>5.8 l 6.13 Cuartos de gal\u00f3n de EE. UU. \/ Filtro: 0.7 l 0.74 Cuartos de gal\u00f3n de EE. UU.<\/td>\n<td>5 000 millas\/ 6 meses<\/td>\n<\/tr>\n<tr>\n<td>Tacoma 2.7 16V 4WD (CAN) (TRN 240\/245) (2009 &#8211; 2010)<\/td>\n<td>2TR-FE<\/td>\n<td>5.8 l 6.13 Cuartos de gal\u00f3n de EE. UU. \/ Filtro: 0.7 l 0.74 Cuartos de gal\u00f3n de EE. UU.<\/td>\n<td>8 000 km \/ 6 meses<\/td>\n<\/tr>\n<tr>\n<td>Tacoma 2.7 16V 2WD (USA) (TRN 220\/225) (2011 &#8211; 2013)<\/td>\n<td>2TR-FE<\/td>\n<td>5.8 l 6.13 Cuartos de gal\u00f3n de EE. UU. \/ Filtro: 0.7 l 0.74 Cuartos de gal\u00f3n de EE. UU.<\/td>\n<td>5 000 millas\/ 6 meses<\/td>\n<\/tr>\n<tr>\n<td>Tacoma 2.7 16V 2WD (CAN) (TRN 220\/225) (2011 &#8211; 2013)<\/td>\n<td>2TR-FE<\/td>\n<td>5.8 l 6.13 Cuartos de gal\u00f3n de EE. UU. \/ Filtro: 0.7 l 0.74 Cuartos de gal\u00f3n de EE. UU.<\/td>\n<td>16 000 km \/ 12 meses<\/td>\n<\/tr>\n<tr>\n<td>Tacoma 2.7 16V 2WD (USA) (TRN 220\/225) (2014 &#8211; 2015)<\/td>\n<td>2TR-FE<\/td>\n<td>5.8 l 6.13 Cuartos de gal\u00f3n de EE. UU. \/ Filtro: 0.7 l 0.74 Cuartos de gal\u00f3n de EE. UU.<\/td>\n<td>5 000 millas\/ 6 meses<\/td>\n<\/tr>\n<tr>\n<td>Tacoma 2.7 16V 4WD (CAN) (TRN 240\/245) (2011 &#8211; 2013)<\/td>\n<td>2TR-FE<\/td>\n<td>5.8 l 6.13 Cuartos de gal\u00f3n de EE. UU. \/ Filtro: 0.7 l 0.74 Cuartos de gal\u00f3n de EE. UU.<\/td>\n<td>16 000 km \/ 12 meses<\/td>\n<\/tr>\n<tr>\n<td>Tacoma 2.7 16V 4WD (USA) (TRN 240\/245) (2011 &#8211; 2013)<\/td>\n<td>2TR-FE<\/td>\n<td>5.8 l 6.13 Cuartos de gal\u00f3n de EE. UU. \/ Filtro: 0.7 l 0.74 Cuartos de gal\u00f3n de EE. UU.<\/td>\n<td>5 000 millas\/ 6 meses<\/td>\n<\/tr>\n<tr>\n<td>Tacoma 2.7 16V 2WD (CAN) (TRN 220\/225) (2014 &#8211; 2015)<\/td>\n<td>2TR-FE<\/td>\n<td>5.8 l 6.13 Cuartos de gal\u00f3n de EE. UU. \/ Filtro: 0.7 l 0.74 Cuartos de gal\u00f3n de EE. UU.<\/td>\n<td>16 000 km \/ 12 meses<\/td>\n<\/tr>\n<tr>\n<td>Tacoma 4.0 V6 24V 4WD (USA) (GRN 225\/245\/250) (2005 &#8211; 2005)<\/td>\n<td>1GR-FE<\/td>\n<td>5.2 l 5.49 Cuartos de gal\u00f3n de EE. UU. \/ Filtro: 0.3 l 0.32 Cuartos de gal\u00f3n de EE. UU.<\/td>\n<td>5 000 millas\/ 6 meses<\/td>\n<\/tr>\n<tr>\n<td>Tacoma 4.0 V6 24V 2WD (USA) (GRN 265\/270) (2005 &#8211; 2005)<\/td>\n<td>1GR-FE<\/td>\n<td>4.5 l 4.76 Cuartos de gal\u00f3n de EE. UU. \/ Filtro: 0.3 l 0.32 Cuartos de gal\u00f3n de EE. UU.<\/td>\n<td>5 000 millas\/ 6 meses<\/td>\n<\/tr>\n<tr>\n<td>Tacoma 2.7 16V 4WD (CAN) (TRN 240\/245) (2014 &#8211; 2015)<\/td>\n<td>2TR-FE<\/td>\n<td>5.8 l 6.13 Cuartos de gal\u00f3n de EE. UU. \/ Filtro: 0.7 l 0.74 Cuartos de gal\u00f3n de EE. UU.<\/td>\n<td>16 000 km \/ 12 meses<\/td>\n<\/tr>\n<tr>\n<td>Tacoma 2.7 16V 4WD (USA) (TRN 240\/245) (2014 &#8211; 2015)<\/td>\n<td>2TR-FE<\/td>\n<td>5.8 l 6.13 Cuartos de gal\u00f3n de EE. UU. \/ Filtro: 0.7 l 0.74 Cuartos de gal\u00f3n de EE. UU.<\/td>\n<td>5 000 millas\/ 6 meses<\/td>\n<\/tr>\n<tr>\n<td>Tacoma 4.0 V6 24V 2WD (USA) (GRN 265\/270) (2006 &#8211; 2008)<\/td>\n<td>1GR-FE<\/td>\n<td>4.5 l 4.76 Cuartos de gal\u00f3n de EE. UU. \/ Filtro: 0.3 l 0.32 Cuartos de gal\u00f3n de EE. UU.<\/td>\n<td>5 000 millas\/ 6 meses<\/td>\n<\/tr>\n<tr>\n<td>Tacoma 4.0 V6 24V 2WD (CAN) (GRN 265\/270) (2006 &#8211; 2008)<\/td>\n<td>1GR-FE<\/td>\n<td>4.5 l 4.76 Cuartos de gal\u00f3n de EE. UU. \/ Filtro: 0.3 l 0.32 Cuartos de gal\u00f3n de EE. UU.<\/td>\n<td>8 000 km \/ 6 meses<\/td>\n<\/tr>\n<tr>\n<td>Tacoma 4.0 V6 24V 4WD (USA) (GRN 225\/245\/250) (2006 &#8211; 2008)<\/td>\n<td>1GR-FE<\/td>\n<td>5.2 l 5.49 Cuartos de gal\u00f3n de EE. UU. \/ Filtro: 0.3 l 0.32 Cuartos de gal\u00f3n de EE. UU.<\/td>\n<td>5 000 millas\/ 6 meses<\/td>\n<\/tr>\n<tr>\n<td>Tacoma 4.0 V6 24V 4WD (CAN) (GRN 225\/245\/250) (2006 &#8211; 2008)<\/td>\n<td>1GR-FE<\/td>\n<td>5.2 l 5.49 Cuartos de gal\u00f3n de EE. UU. \/ Filtro: 0.3 l 0.32 Cuartos de gal\u00f3n de EE. UU.<\/td>\n<td>8 000 km \/ 6 meses<\/td>\n<\/tr>\n<tr>\n<td>Tacoma 4.0 V6 24V 2WD (USA) (GRN 265\/270) (2009 &#8211; 2010)<\/td>\n<td>1GR-FE<\/td>\n<td>4.5 l 4.76 Cuartos de gal\u00f3n de EE. UU. \/ Filtro: 0.3 l 0.32 Cuartos de gal\u00f3n de EE. UU.<\/td>\n<td>5 000 millas\/ 6 meses<\/td>\n<\/tr>\n<tr>\n<td>Tacoma 4.0 V6 24V 2WD (CAN) (GRN 265\/270) (2009 &#8211; 2010)<\/td>\n<td>1GR-FE<\/td>\n<td>4.5 l 4.76 Cuartos de gal\u00f3n de EE. UU. \/ Filtro: 0.3 l 0.32 Cuartos de gal\u00f3n de EE. UU.<\/td>\n<td>5 000 millas\/ 6 meses<\/td>\n<\/tr>\n<tr>\n<td>Tacoma 4.0 V6 24V 4WD (USA) (GRN 225\/245\/250) (2009 &#8211; 2010)<\/td>\n<td>1GR-FE<\/td>\n<td>5.2 l 5.49 Cuartos de gal\u00f3n de EE. UU. \/ Filtro: 0.3 l 0.32 Cuartos de gal\u00f3n de EE. UU.<\/td>\n<td>5 000 millas\/ 6 meses<\/td>\n<\/tr>\n<tr>\n<td>Tacoma 4.0 V6 24V 4WD (CAN) (GRN 225\/245\/250) (2009 &#8211; 2010)<\/td>\n<td>1GR-FE<\/td>\n<td>5.2 l 5.49 Cuartos de gal\u00f3n de EE. UU. \/ Filtro: 0.3 l 0.32 Cuartos de gal\u00f3n de EE. UU.<\/td>\n<td>8 000 km \/ 6 meses<\/td>\n<\/tr>\n<tr>\n<td>Tacoma 4.0 V6 24V 4WD (CAN) (GRN 225\/245\/250) (2011 &#8211; 2013)<\/td>\n<td>1GR-FE<\/td>\n<td>5.2 l 5.49 Cuartos de gal\u00f3n de EE. UU. \/ Filtro: 0.3 l 0.32 Cuartos de gal\u00f3n de EE. UU.<\/td>\n<td>16 000 km \/ 12 meses<\/td>\n<\/tr>\n<tr>\n<td>Tacoma 4.0 V6 24V 2WD (USA) (GRN 265\/270) (2011 &#8211; 2013)<\/td>\n<td>1GR-FE<\/td>\n<td>4.5 l 4.76 Cuartos de gal\u00f3n de EE. UU. \/ Filtro: 0.3 l 0.32 Cuartos de gal\u00f3n de EE. UU.<\/td>\n<td>5 000 millas\/ 6 meses<\/td>\n<\/tr>\n<tr>\n<td>Tacoma 4.0 V6 24V 2WD (CAN) (GRN 265\/270) (2011 &#8211; 2013)<\/td>\n<td>1GR-FE<\/td>\n<td>4.5 l 4.76 Cuartos de gal\u00f3n de EE. UU. \/ Filtro: 0.3 l 0.32 Cuartos de gal\u00f3n de EE. UU.<\/td>\n<td>16 000 km \/ 12 meses<\/td>\n<\/tr>\n<tr>\n<td>Tacoma 4.0 V6 24V 4WD (USA) (GRN 225\/245\/250) (2011 &#8211; 2013)<\/td>\n<td>1GR-FE<\/td>\n<td>5.2 l 5.49 Cuartos de gal\u00f3n de EE. UU. \/ Filtro: 0.3 l 0.32 Cuartos de gal\u00f3n de EE. UU.<\/td>\n<td>5 000 millas\/ 6 meses<\/td>\n<\/tr>\n<tr>\n<td>Tacoma 4.0 V6 24V 2WD (CAN) (GRN 265\/270) (2014 &#8211; 2015)<\/td>\n<td>1GR-FE<\/td>\n<td>4.5 l 4.76 Cuartos de gal\u00f3n de EE. UU. \/ Filtro: 0.3 l 0.32 Cuartos de gal\u00f3n de EE. UU.<\/td>\n<td>16 000 km \/ 12 meses<\/td>\n<\/tr>\n<tr>\n<td>Tacoma 4.0 V6 24V 2WD (USA) (GRN 265\/270) (2014 &#8211; 2015)<\/td>\n<td>1GR-FE<\/td>\n<td>4.5 l 4.76 Cuartos de gal\u00f3n de EE. UU. \/ Filtro: 0.3 l 0.32 Cuartos de gal\u00f3n de EE. UU.<\/td>\n<td>5 000 millas\/ 6 meses<\/td>\n<\/tr>\n<tr>\n<td>Tacoma 4.0 V6 24V 4WD (USA) (GRN 225\/245\/250) (2014 &#8211; 2015)<\/td>\n<td>1GR-FE<\/td>\n<td>5.2 l 5.49 Cuartos de gal\u00f3n de EE. UU. \/ Filtro: 0.3 l 0.32 Cuartos de gal\u00f3n de EE. UU.<\/td>\n<td>5 000 millas\/ 6 meses<\/td>\n<\/tr>\n<tr>\n<td>Tacoma 4.0 V6 24V 4WD (CAN) (GRN 225\/245\/250) (2014 &#8211; 2015)<\/td>\n<td>1GR-FE<\/td>\n<td>5.2 l 5.49 Cuartos de gal\u00f3n de EE. UU. \/ Filtro: 0.3 l 0.32 Cuartos de gal\u00f3n de EE. UU.<\/td>\n<td>16 000 km \/ 12 meses<\/td>\n<\/tr>\n<\/tbody>\n<\/table>\n","protected":false},"excerpt":{"rendered":"<p>Modelo:\u00a0Toyota\u00a0Tacoma (1995 &#8211; 2004) Motor Capacidad Intervalo Tacoma 2.4 16V 2WD (USA) (RZN 140\/150) (1996 &#8211; 1996) 2RZ-FE 5.5 l 5.81 Cuartos de gal\u00f3n de EE. UU. \/ Filtro: 0.7 l 0.74 Cuartos de gal\u00f3n de EE. UU. 7 500 millas\/ 6 meses Tacoma 2.4 16V 2WD (CAN) (RZN 140\/150) (1997 &#8211; 1997) 2RZ-FE 5.5 &hellip; <a href=\"https:\/\/oil-change.info\/es\/cantidad-de-aceite-de-motor-toyota-tacoma-usa\/\" class=\"more-link\">Seguir leyendo <span class=\"screen-reader-text\">Cantidad de aceite de motor Toyota Tacoma (USA)<\/span> <span class=\"meta-nav\">&rarr;<\/span><\/a><\/p>\n","protected":false},"author":1,"featured_media":0,"parent":0,"menu_order":0,"comment_status":"closed","ping_status":"closed","template":"","meta":{"footnotes":""},"class_list":["post-4317","page","type-page","status-publish","hentry"],"_links":{"self":[{"href":"https:\/\/oil-change.info\/es\/wp-json\/wp\/v2\/pages\/4317","targetHints":{"allow":["GET"]}}],"collection":[{"href":"https:\/\/oil-change.info\/es\/wp-json\/wp\/v2\/pages"}],"about":[{"href":"https:\/\/oil-change.info\/es\/wp-json\/wp\/v2\/types\/page"}],"author":[{"embeddable":true,"href":"https:\/\/oil-change.info\/es\/wp-json\/wp\/v2\/users\/1"}],"replies":[{"embeddable":true,"href":"https:\/\/oil-change.info\/es\/wp-json\/wp\/v2\/comments?post=4317"}],"version-history":[{"count":4,"href":"https:\/\/oil-change.info\/es\/wp-json\/wp\/v2\/pages\/4317\/revisions"}],"predecessor-version":[{"id":15854,"href":"https:\/\/oil-change.info\/es\/wp-json\/wp\/v2\/pages\/4317\/revisions\/15854"}],"wp:attachment":[{"href":"https:\/\/oil-change.info\/es\/wp-json\/wp\/v2\/media?parent=4317"}],"curies":[{"name":"wp","href":"https:\/\/api.w.org\/{rel}","templated":true}]}}