{"id":592,"date":"2014-06-18T13:35:39","date_gmt":"2014-06-18T11:35:39","guid":{"rendered":"http:\/\/olajcsere.org\/wp\/?page_id=592"},"modified":"2021-09-09T15:38:54","modified_gmt":"2021-09-09T15:38:54","slug":"cantidad-de-aceite-de-motor-peugeot-207","status":"publish","type":"page","link":"https:\/\/oil-change.info\/es\/cantidad-de-aceite-de-motor-peugeot-207\/","title":{"rendered":"Cantidad de aceite de motor Peugeot 207"},"content":{"rendered":"<p><ul>\n \t<li><strong>Motor: <\/strong> C\u00f3digo de motor. Una secuencia de c\u00f3digo que consta de letras y n\u00fameros. El c\u00f3digo del motor incluye el tipo de bloque del motor y la familia del motor, pero tambi\u00e9n puede contener otra informaci\u00f3n.<\/li>\n \t<li><strong>Capacidad: <\/strong> Cantidad de aceite de motor \/ Capacidad filtro (litros \/ Cuartos de gal\u00f3n US)<\/li>\n \t<li><strong>Intervalo: <\/strong> Intervalos de cambio de aceite. El aceite del motor debe cambiarse a m\u00e1s tardar despu\u00e9s de este tiempo o despu\u00e9s de kil\u00f3metros\/km, lo que ocurra primero.<\/li>\n<\/ul>\n<p><strong>El filtro de aceite debe sustituirse cada vez que se cambie el aceite, a menos que el manual de instrucciones del coche recomiende lo contrario.<\/strong><\/p>\n<script async src=\"https:\/\/pagead2.googlesyndication.com\/pagead\/js\/adsbygoogle.js?client=ca-pub-6038864634240180\"\n     crossorigin=\"anonymous\"><\/script>\n<!-- oil-change-es-center -->\n<ins class=\"adsbygoogle\"\n     style=\"display:block\"\n     data-ad-client=\"ca-pub-6038864634240180\"\n     data-ad-slot=\"3708079678\"\n     data-ad-format=\"auto\"\n     data-full-width-responsive=\"true\"><\/ins>\n<script>\n     (adsbygoogle = window.adsbygoogle || []).push({});\n<\/script>\n\n<amp-ad width=\"100vw\" height=\"320\"\n     type=\"adsense\"\n     data-ad-client=\"ca-pub-6038864634240180\"\n     data-ad-slot=\"4999611438\"\n     data-auto-format=\"rspv\"\n     data-full-width=\"\">\n  <div overflow=\"\"><\/div>\n<\/amp-ad>\n\n<br>\n\n<strong>Modelo:\u00a0Peugeot\u00a0207 (2006 &#8211; 2014)<\/strong><\/p>\n<table border=\"1\">\n<tbody>\n<tr>\n<th><img loading=\"lazy\" decoding=\"async\" class=\"alignnone size-thumbnail wp-image-6019\" src=\"https:\/\/oil-change.info\/es\/wp-content\/uploads\/peugeot_207_1-150x118.jpg\" alt=\"Peugeot 207\" width=\"150\" height=\"118\" \/><\/th>\n<th>Motor<\/th>\n<th>Capacidad<\/th>\n<th>Intervalo<\/th>\n<\/tr>\n<tr>\n<td>207 1.4 (2006 &#8211; 2009)<\/td>\n<td>TU3A<\/td>\n<td>2.5-2.75<\/td>\n<td>30 000 km\/ 24 meses<\/td>\n<\/tr>\n<tr>\n<td>207 1.4 (2009 &#8211; 2012)<\/td>\n<td>TU3A<\/td>\n<td>3 \/ 0.25<\/td>\n<td>30 000 km\/ 24 meses<\/td>\n<\/tr>\n<tr>\n<td>207 1.4 (2012 &#8211; 2014)<\/td>\n<td>TU3A<\/td>\n<td>3 \/ 0.25<\/td>\n<td>30 000 km\/ 24 meses<\/td>\n<\/tr>\n<tr>\n<td colspan=\"4\"><\/td>\n<\/tr>\n<tr>\n<td>207 1.4 16V (2006 &#8211; 2009)<\/td>\n<td>ET3J4<\/td>\n<td>2.5-2.75<\/td>\n<td>30 000 km\/ 24 meses<\/td>\n<\/tr>\n<tr>\n<td>207 1.4 16V (2009 &#8211; 2012)<\/td>\n<td>ET3J4<\/td>\n<td>3 \/ 0.25<\/td>\n<td>30 000 km\/ 24 meses<\/td>\n<\/tr>\n<tr>\n<td>207 1.4 16V (2012 &#8211; 2014)<\/td>\n<td>ET3J4<\/td>\n<td>3 \/ 0.25<\/td>\n<td>30 000 km\/ 24 meses<\/td>\n<\/tr>\n<tr>\n<td>207 1.4 16V VTi (2007 &#8211; 2014)<\/td>\n<td>EP3<\/td>\n<td>4 \/ 0.25<\/td>\n<td>30 000 km\/ 24 meses<\/td>\n<\/tr>\n<tr>\n<td>207 1.6 16V (2006 &#8211; 2007)<\/td>\n<td>TU5JP4<\/td>\n<td>3.25 \/ 0.25<\/td>\n<td>30 000 km\/ 24 meses<\/td>\n<\/tr>\n<tr>\n<td>207 1.6 16V VTi (2007 &#8211; 2009)<\/td>\n<td>EP6<\/td>\n<td>4.25 \/ 0.25<\/td>\n<td>30 000 km\/ 24 meses<\/td>\n<\/tr>\n<tr>\n<td>207 1.6 16V VTi (2009 &#8211; 2012)<\/td>\n<td>EP6<\/td>\n<td>4.25 \/ 0.25<\/td>\n<td>30 000 km\/ 24 meses<\/td>\n<\/tr>\n<tr>\n<td>207 1.6 16V VTi (2012 &#8211; 2014)<\/td>\n<td>EP6<\/td>\n<td>4.25 \/ 0.25<\/td>\n<td>30 000 km\/ 24 meses<\/td>\n<\/tr>\n<tr>\n<td>207 1.6 16V Turbo (2006 &#8211; 2009)<\/td>\n<td>EP6DT<\/td>\n<td>4.25 \/ 0.25<\/td>\n<td>30 000 km\/ 24 meses<\/td>\n<\/tr>\n<tr>\n<td>207 1.6 16V Turbo (2009 &#8211; 2010)<\/td>\n<td>EP6DT<\/td>\n<td>4.25 \/ 0.25<\/td>\n<td>30 000 km\/ 24 meses<\/td>\n<\/tr>\n<tr>\n<td>207 RC (2007 &#8211; 2009)<\/td>\n<td>EP6DT<\/td>\n<td>n\/a<\/td>\n<td>30 000 km\/ 24 meses<\/td>\n<\/tr>\n<tr>\n<td>207 RC (2009 &#8211; 2010)<\/td>\n<td>EP6DTS<\/td>\n<td>4.25 \/ 0.25<\/td>\n<td>30 000 km\/ 24 meses<\/td>\n<\/tr>\n<tr>\n<td>207 1.4 HDi (2006 &#8211; 2009)<\/td>\n<td>DV4TD<\/td>\n<td>3.75<\/td>\n<td>30 000 km\/ 24 meses<\/td>\n<\/tr>\n<tr>\n<td>207 1.4 HDi (2009 &#8211; 2014)<\/td>\n<td>DV4TD<\/td>\n<td>3.75 \/ 0.5<\/td>\n<td>30 000 km\/ 24 meses<\/td>\n<\/tr>\n<tr>\n<td>207 1.4 HDiF DPF (2009 &#8211; 2014)<\/td>\n<td>DV4TD<\/td>\n<td>3.75 \/ 0.5<\/td>\n<td>30 000 km\/ 24 meses<\/td>\n<\/tr>\n<tr>\n<td>207 1.6 HDi 16V (66 kW) (2006 &#8211; 2009)<\/td>\n<td>DV6ATED4<\/td>\n<td>3.5 \/ 0.4<\/td>\n<td>20 000 km\/ 24 meses<\/td>\n<\/tr>\n<tr>\n<td>207 1.6 HDi 16V (66 kW) (2009 &#8211; 2014)<\/td>\n<td>DV6ATED4<\/td>\n<td>3.75 \/ 0.5<\/td>\n<td>20 000 km\/ 24 meses<\/td>\n<\/tr>\n<tr>\n<td>207 1.6 HDiF 16V DPF (66 kW) (2009 &#8211; 2014)<\/td>\n<td>DV6TED4B<\/td>\n<td>3.75 \/ 0.5<\/td>\n<td>15 000 km\/ 12 meses<\/td>\n<\/tr>\n<tr>\n<td>207 1.6 HDi 16V (80 kW) (2006 &#8211; 2009)<\/td>\n<td>DV6TED4<\/td>\n<td>3.5 \/ 0.4<\/td>\n<td>20 000 km\/ 24 meses<\/td>\n<\/tr>\n<tr>\n<td>207 1.6 HDi 16V (80 kW) (2009 &#8211; 2014)<\/td>\n<td>DV6TED4<\/td>\n<td>3.75 \/ 0.5<\/td>\n<td>20 000 km\/ 24 meses<\/td>\n<\/tr>\n<tr>\n<td>207 1.6 HDiF 16V DPF (80 kW) (2009 &#8211; 2014)<\/td>\n<td>DV6TED4<\/td>\n<td>3.75 \/ 0.5<\/td>\n<td>20 000 km\/ 24 meses<\/td>\n<\/tr>\n<\/tbody>\n<\/table>\n<p><strong>Modelo:\u00a0Peugeot\u00a0207 Compact (2009 &#8211; 2012)<\/strong><\/p>\n<table border=\"1\">\n<tbody>\n<tr>\n<th><img loading=\"lazy\" decoding=\"async\" class=\"alignnone size-full wp-image-6022\" src=\"https:\/\/oil-change.info\/es\/wp-content\/uploads\/peugeot_207_compact.jpg\" alt=\"Peugeot 207 Compact\" width=\"120\" height=\"90\" \/><\/th>\n<th>Motor<\/th>\n<th>Capacidad<\/th>\n<th>Intervalo<\/th>\n<\/tr>\n<tr>\n<td>207 Compact 1.1 (2009 &#8211; 2012)<\/td>\n<td>TU1<\/td>\n<td>3 \/ 0.25<\/td>\n<td>30 000 km\/ 24 meses<\/td>\n<\/tr>\n<tr>\n<td>207 Compact 1.4 (2009 &#8211; 2012)<\/td>\n<td>TU3A<\/td>\n<td>3 \/ 0.25<\/td>\n<td>20 000 km\/ 24 meses<\/td>\n<\/tr>\n<tr>\n<td>207 Compact 1.4 16V VTi (2009 &#8211; 2012)<\/td>\n<td>EP3<\/td>\n<td>4.2 \/ 0.2<\/td>\n<td>30 000 km\/ 24 meses<\/td>\n<\/tr>\n<tr>\n<td>207 Compact 1.4 HDi (2009 &#8211; 2012)<\/td>\n<td>DV4TD<\/td>\n<td>3.75 \/ 0.5<\/td>\n<td>30 000 km\/ 24 meses<\/td>\n<\/tr>\n<\/tbody>\n<\/table>\n","protected":false},"excerpt":{"rendered":"<p>Modelo:\u00a0Peugeot\u00a0207 (2006 &#8211; 2014) Motor Capacidad Intervalo 207 1.4 (2006 &#8211; 2009) TU3A 2.5-2.75 30 000 km\/ 24 meses 207 1.4 (2009 &#8211; 2012) TU3A 3 \/ 0.25 30 000 km\/ 24 meses 207 1.4 (2012 &#8211; 2014) TU3A 3 \/ 0.25 30 000 km\/ 24 meses 207 1.4 16V (2006 &#8211; 2009) ET3J4 2.5-2.75 &hellip; <a href=\"https:\/\/oil-change.info\/es\/cantidad-de-aceite-de-motor-peugeot-207\/\" class=\"more-link\">Seguir leyendo <span class=\"screen-reader-text\">Cantidad de aceite de motor Peugeot 207<\/span> <span class=\"meta-nav\">&rarr;<\/span><\/a><\/p>\n","protected":false},"author":1,"featured_media":0,"parent":0,"menu_order":0,"comment_status":"open","ping_status":"open","template":"","meta":{"footnotes":""},"class_list":["post-592","page","type-page","status-publish","hentry"],"_links":{"self":[{"href":"https:\/\/oil-change.info\/es\/wp-json\/wp\/v2\/pages\/592","targetHints":{"allow":["GET"]}}],"collection":[{"href":"https:\/\/oil-change.info\/es\/wp-json\/wp\/v2\/pages"}],"about":[{"href":"https:\/\/oil-change.info\/es\/wp-json\/wp\/v2\/types\/page"}],"author":[{"embeddable":true,"href":"https:\/\/oil-change.info\/es\/wp-json\/wp\/v2\/users\/1"}],"replies":[{"embeddable":true,"href":"https:\/\/oil-change.info\/es\/wp-json\/wp\/v2\/comments?post=592"}],"version-history":[{"count":4,"href":"https:\/\/oil-change.info\/es\/wp-json\/wp\/v2\/pages\/592\/revisions"}],"predecessor-version":[{"id":16284,"href":"https:\/\/oil-change.info\/es\/wp-json\/wp\/v2\/pages\/592\/revisions\/16284"}],"wp:attachment":[{"href":"https:\/\/oil-change.info\/es\/wp-json\/wp\/v2\/media?parent=592"}],"curies":[{"name":"wp","href":"https:\/\/api.w.org\/{rel}","templated":true}]}}