{"id":6670,"date":"2017-09-04T08:10:12","date_gmt":"2017-09-04T08:10:12","guid":{"rendered":"https:\/\/wp.oil-change.info\/?page_id=6670"},"modified":"2021-09-20T15:03:56","modified_gmt":"2021-09-20T15:03:56","slug":"cantidad-de-aceite-de-motor-mercedes-benz-sprinter-1994-2006","status":"publish","type":"page","link":"https:\/\/oil-change.info\/es\/cantidad-de-aceite-de-motor-mercedes-benz-sprinter-1994-2006\/","title":{"rendered":"Cantidad de aceite de motor Mercedes-Benz Sprinter (1994 \u2013 2006)"},"content":{"rendered":"<p><ul>\n \t<li><strong>Motor: <\/strong> C\u00f3digo de motor. Una secuencia de c\u00f3digo que consta de letras y n\u00fameros. El c\u00f3digo del motor incluye el tipo de bloque del motor y la familia del motor, pero tambi\u00e9n puede contener otra informaci\u00f3n.<\/li>\n \t<li><strong>Capacidad: <\/strong> Cantidad de aceite de motor \/ Capacidad filtro (litros \/ Cuartos de gal\u00f3n US)<\/li>\n \t<li><strong>Intervalo: <\/strong> Intervalos de cambio de aceite. El aceite del motor debe cambiarse a m\u00e1s tardar despu\u00e9s de este tiempo o despu\u00e9s de kil\u00f3metros\/km, lo que ocurra primero.<\/li>\n<\/ul>\n<p><strong>El filtro de aceite debe sustituirse cada vez que se cambie el aceite, a menos que el manual de instrucciones del coche recomiende lo contrario.<\/strong><\/p>\n<script async src=\"https:\/\/pagead2.googlesyndication.com\/pagead\/js\/adsbygoogle.js?client=ca-pub-6038864634240180\"\n     crossorigin=\"anonymous\"><\/script>\n<!-- oil-change-es-center -->\n<ins class=\"adsbygoogle\"\n     style=\"display:block\"\n     data-ad-client=\"ca-pub-6038864634240180\"\n     data-ad-slot=\"3708079678\"\n     data-ad-format=\"auto\"\n     data-full-width-responsive=\"true\"><\/ins>\n<script>\n     (adsbygoogle = window.adsbygoogle || []).push({});\n<\/script>\n\n<amp-ad width=\"100vw\" height=\"320\"\n     type=\"adsense\"\n     data-ad-client=\"ca-pub-6038864634240180\"\n     data-ad-slot=\"4999611438\"\n     data-auto-format=\"rspv\"\n     data-full-width=\"\">\n  <div overflow=\"\"><\/div>\n<\/amp-ad>\n\n<br>\n\n<strong>Modelo:\u00a0Mercedes-Benz\u00a0Sprinter, (901\/902) (1994 &#8211; 2006)<\/strong><\/p>\n<table border=\"1\">\n<tbody>\n<tr>\n<th><img loading=\"lazy\" decoding=\"async\" class=\"alignnone size-thumbnail wp-image-6668\" src=\"https:\/\/oil-change.info\/es\/wp-content\/uploads\/mb_sprinter_901-150x90.jpg\" alt=\"Mercedes-Benz\u00a0Sprinter, (901\/902) (1994 - 2006)\" width=\"150\" height=\"90\" \/><\/th>\n<th>Motor<\/th>\n<th>Capacidad<\/th>\n<th>Intervalo<\/th>\n<\/tr>\n<tr>\n<td>Sprinter 214 (901\/902 ) (1994 &#8211; 2000)<\/td>\n<td>M 111 E23<\/td>\n<td>8.9<\/td>\n<td>22 500 km\/ 450 horas\/ 12 meses<\/td>\n<\/tr>\n<tr>\n<td>Sprinter 214 (901\/902 ) (2000 &#8211; 2006)<\/td>\n<td>M 111 E23<\/td>\n<td>8.9<\/td>\n<td>22 500 km\/ 450 horas\/ 12 meses<\/td>\n<\/tr>\n<tr>\n<td colspan=\"4\"><\/td>\n<\/tr>\n<tr>\n<td>Sprinter 208 D (901\/902) (1994 &#8211; 1999)<\/td>\n<td>Mercedes-Benz OM601 D23<\/td>\n<td>9.5<\/td>\n<td>15 000 km\/ 300 horas\/ 12 meses<\/td>\n<\/tr>\n<tr>\n<td>Sprinter 208 CDI (901\/902) (2000 &#8211; 2006)<\/td>\n<td>Mercedes-Benz OM611 DE22LA<\/td>\n<td>7.5<\/td>\n<td>22 500 km\/ 450 horas\/ 24 meses<\/td>\n<\/tr>\n<tr>\n<td>Sprinter 210 D (901\/902) (1996 &#8211; 2000)<\/td>\n<td>Mercedes-Benz OM602 DE29LA<\/td>\n<td>9.5<\/td>\n<td>22 500 km\/ 450 horas\/ 12 meses<\/td>\n<\/tr>\n<tr>\n<td>Sprinter 211 CDI (901\/902) (2000 &#8211; 2006)<\/td>\n<td>Mercedes-Benz OM611 DE22LA<\/td>\n<td>8.5<\/td>\n<td>22 500 km\/ 450 horas\/ 24 meses<\/td>\n<\/tr>\n<tr>\n<td>Sprinter 212 D (901\/902) (1994 &#8211; 2000)<\/td>\n<td>Mercedes-Benz OM602 DE29LA<\/td>\n<td>9.5<\/td>\n<td>22 500 km\/ 450 horas\/ 12 meses<\/td>\n<\/tr>\n<tr>\n<td>Sprinter 213 CDI (901\/902) (2000 &#8211; 2006)<\/td>\n<td>Mercedes-Benz OM611 DE22LA<\/td>\n<td>8.5<\/td>\n<td>22 500 km\/ 450 horas\/ 24 meses<\/td>\n<\/tr>\n<tr>\n<td>Sprinter 216 CDI (901\/902) (2000 &#8211; 2006)<\/td>\n<td>Mercedes-Benz OM612 DE27LA<\/td>\n<td>9<\/td>\n<td>22 500 km\/ 450 horas\/ 12 meses<\/td>\n<\/tr>\n<\/tbody>\n<\/table>\n<p><strong>Modelo:\u00a0Mercedes-Benz\u00a0Sprinter, (903) (1994 &#8211; 2006)<\/strong><\/p>\n<table border=\"1\">\n<tbody>\n<tr>\n<th><img loading=\"lazy\" decoding=\"async\" class=\"alignnone size-full wp-image-6676\" src=\"https:\/\/oil-change.info\/es\/wp-content\/uploads\/mb_903.jpg\" alt=\"Mercedes-Benz\u00a0Sprinter, (903) (1994 - 2006)\" width=\"132\" height=\"90\" \/><\/th>\n<th>Motor<\/th>\n<th>Capacidad<\/th>\n<th>Intervalo<\/th>\n<\/tr>\n<tr>\n<td>Sprinter 308 D (903) (1994 &#8211; 2000)<\/td>\n<td>Mercedes-Benz OM601 D23<\/td>\n<td>9.5<\/td>\n<td>15 000 km\/ 300 horas\/ 12 meses<\/td>\n<\/tr>\n<tr>\n<td>Sprinter 308 CDI (903) (2000 &#8211; 2006)<\/td>\n<td>Mercedes-Benz OM611 DE22LA<\/td>\n<td>7.5<\/td>\n<td>22 500 km\/ 450 horas\/ 24 meses<\/td>\n<\/tr>\n<tr>\n<td>Sprinter 310 D, 4&#215;2\/4&#215;4 (903) (1996 &#8211; 2000)<\/td>\n<td>Mercedes-Benz OM602 DE29LA<\/td>\n<td>9.5<\/td>\n<td>22 500 km\/ 450 horas\/ 12 meses<\/td>\n<\/tr>\n<tr>\n<td>Sprinter 311 CDI (903) (2000 &#8211; 2006)<\/td>\n<td>Mercedes-Benz OM611 DE22LA<\/td>\n<td>8.5<\/td>\n<td>22 500 km\/ 450 horas\/ 24 meses<\/td>\n<\/tr>\n<tr>\n<td>Sprinter 311 CDI 4&#215;4 (903) (2000 &#8211; 2006)<\/td>\n<td>Mercedes-Benz OM611 DE22LA<\/td>\n<td>8.5<\/td>\n<td>22 500 km\/ 450 horas\/ 24 meses<\/td>\n<\/tr>\n<tr>\n<td>Sprinter 312 D, 4&#215;2\/4&#215;4 (903) (1994 &#8211; 2000)<\/td>\n<td>Mercedes-Benz OM602 DE29LA<\/td>\n<td>9.5<\/td>\n<td>22 500 km\/ 450 horas\/ 12 meses<\/td>\n<\/tr>\n<tr>\n<td>Sprinter 313 CDI (903) (2000 &#8211; 2006)<\/td>\n<td>Mercedes-Benz OM611 DE22LA<\/td>\n<td>8.5<\/td>\n<td>22 500 km\/ 450 horas\/ 24 meses<\/td>\n<\/tr>\n<tr>\n<td>Sprinter 313 CDI 4&#215;4 (903) (2000 &#8211; 2006)<\/td>\n<td>Mercedes-Benz OM611 DE22LA<\/td>\n<td>8.5<\/td>\n<td>22 500 km\/ 450 horas\/ 24 meses<\/td>\n<\/tr>\n<tr>\n<td>Sprinter 314, 4&#215;4 (903) (1994 &#8211; 2000)<\/td>\n<td>M 111 E23<\/td>\n<td>8.9<\/td>\n<td>22 500 km\/ 450 horas\/ 12 meses<\/td>\n<\/tr>\n<tr>\n<td>Sprinter 314, 4&#215;4 (903) (2000 &#8211; 2006)<\/td>\n<td>M 111 E23<\/td>\n<td>8.9<\/td>\n<td>22 500 km\/ 450 horas\/ 12 meses<\/td>\n<\/tr>\n<tr>\n<td>Sprinter 316 CDI (903) (2000 &#8211; 2006)<\/td>\n<td>Mercedes-Benz OM612 DE27LA<\/td>\n<td>9<\/td>\n<td>22 500 km\/ 450 horas\/ 12 meses<\/td>\n<\/tr>\n<tr>\n<td>Sprinter 316 CDI 4&#215;4 (903) (2000 &#8211; 2006)<\/td>\n<td>Mercedes-Benz OM612 DE27LA<\/td>\n<td>9<\/td>\n<td>22 500 km\/ 450 horas\/ 12 meses<\/td>\n<\/tr>\n<\/tbody>\n<\/table>\n<p><strong>Modelo:\u00a0Mercedes-Benz\u00a0Sprinter, (904\/905) (1994 &#8211; 2006)<\/strong><\/p>\n<table border=\"1\">\n<tbody>\n<tr>\n<th><img loading=\"lazy\" decoding=\"async\" class=\"alignnone size-full wp-image-6679\" src=\"https:\/\/oil-change.info\/es\/wp-content\/uploads\/mb_904.jpg\" alt=\"Mercedes-Benz\u00a0Sprinter, (904\/905) (1994 - 2006)\" width=\"142\" height=\"107\" \/><\/th>\n<th>Motor<\/th>\n<th>Capacidad<\/th>\n<th>Intervalo<\/th>\n<\/tr>\n<tr>\n<td>Sprinter 408 D (904) (1994 &#8211; 2000)<\/td>\n<td>Mercedes-Benz OM601 D23<\/td>\n<td>9.5<\/td>\n<td>15 000 km\/ 300 horas\/ 12 meses<\/td>\n<\/tr>\n<tr>\n<td>Sprinter 408 CDI (904) (2000 &#8211; 2006)<\/td>\n<td>Mercedes-Benz OM611 DE22LA<\/td>\n<td>7.5<\/td>\n<td>22 500 km\/ 450 horas\/ 24 meses<\/td>\n<\/tr>\n<tr>\n<td>Sprinter 410 D (904) (1996 &#8211; 2000)<\/td>\n<td>Mercedes-Benz OM602 DE29LA<\/td>\n<td>9.5<\/td>\n<td>22 500 km\/ 450 horas\/ 12 meses<\/td>\n<\/tr>\n<tr>\n<td>Sprinter 411 CDI (904) (2000 &#8211; 2006)<\/td>\n<td>Mercedes-Benz OM611 DE22LA<\/td>\n<td>8.5<\/td>\n<td>22 500 km\/ 450 horas\/ 24 meses<\/td>\n<\/tr>\n<tr>\n<td>Sprinter 411 CDI 4&#215;4 (904) (2000 &#8211; 2006)<\/td>\n<td>Mercedes-Benz OM611 DE22LA<\/td>\n<td>8.5<\/td>\n<td>22 500 km\/ 450 horas\/ 24 meses<\/td>\n<\/tr>\n<tr>\n<td>Sprinter 412 D (904) (1994 &#8211; 2000)<\/td>\n<td>Mercedes-Benz OM602 DE29LA<\/td>\n<td>9.5<\/td>\n<td>22 500 km\/ 450 horas\/ 12 meses<\/td>\n<\/tr>\n<tr>\n<td>Sprinter 413 CDI (904) (2000 &#8211; 2006)<\/td>\n<td>Mercedes-Benz OM611 DE22LA<\/td>\n<td>8.5<\/td>\n<td>22 500 km\/ 450 horas\/ 24 meses<\/td>\n<\/tr>\n<tr>\n<td>Sprinter 414 (904) (1994 &#8211; 2006)<\/td>\n<td>M 111 E23<\/td>\n<td>8.9<\/td>\n<td>22 500 km\/ 450 horas\/ 12 meses<\/td>\n<\/tr>\n<tr>\n<td>Sprinter 414 4&#215;4 (904) (2000 &#8211; 2006)<\/td>\n<td>M 111 E23<\/td>\n<td>8.9<\/td>\n<td>22 500 km\/ 450 horas\/ 12 meses<\/td>\n<\/tr>\n<tr>\n<td>Sprinter 416 CDI (904) (2000 &#8211; 2006)<\/td>\n<td>Mercedes-Benz OM612 DE27LA<\/td>\n<td>9<\/td>\n<td>22 500 km\/ 450 horas\/ 12 meses<\/td>\n<\/tr>\n<tr>\n<td>Sprinter 512 D (904) (904) (1994 &#8211; 1999)<\/td>\n<td>Mercedes-Benz OM602 DE29LA<\/td>\n<td>9.5<\/td>\n<td>22 500 km\/ 12 meses<\/td>\n<\/tr>\n<tr>\n<td>Sprinter 616 CDI (905) Euro lll (2001 &#8211; 2006)<\/td>\n<td>Mercedes-Benz OM612 DE27LA<\/td>\n<td>9<\/td>\n<td>22 500 km\/ 450 horas\/ 12 meses<\/td>\n<\/tr>\n<\/tbody>\n<\/table>\n","protected":false},"excerpt":{"rendered":"<p>Modelo:\u00a0Mercedes-Benz\u00a0Sprinter, (901\/902) (1994 &#8211; 2006) Motor Capacidad Intervalo Sprinter 214 (901\/902 ) (1994 &#8211; 2000) M 111 E23 8.9 22 500 km\/ 450 horas\/ 12 meses Sprinter 214 (901\/902 ) (2000 &#8211; 2006) M 111 E23 8.9 22 500 km\/ 450 horas\/ 12 meses Sprinter 208 D (901\/902) (1994 &#8211; 1999) Mercedes-Benz OM601 D23 9.5 &hellip; <a href=\"https:\/\/oil-change.info\/es\/cantidad-de-aceite-de-motor-mercedes-benz-sprinter-1994-2006\/\" class=\"more-link\">Seguir leyendo <span class=\"screen-reader-text\">Cantidad de aceite de motor Mercedes-Benz Sprinter (1994 \u2013 2006)<\/span> <span class=\"meta-nav\">&rarr;<\/span><\/a><\/p>\n","protected":false},"author":1,"featured_media":0,"parent":0,"menu_order":0,"comment_status":"closed","ping_status":"closed","template":"","meta":{"footnotes":""},"class_list":["post-6670","page","type-page","status-publish","hentry"],"_links":{"self":[{"href":"https:\/\/oil-change.info\/es\/wp-json\/wp\/v2\/pages\/6670","targetHints":{"allow":["GET"]}}],"collection":[{"href":"https:\/\/oil-change.info\/es\/wp-json\/wp\/v2\/pages"}],"about":[{"href":"https:\/\/oil-change.info\/es\/wp-json\/wp\/v2\/types\/page"}],"author":[{"embeddable":true,"href":"https:\/\/oil-change.info\/es\/wp-json\/wp\/v2\/users\/1"}],"replies":[{"embeddable":true,"href":"https:\/\/oil-change.info\/es\/wp-json\/wp\/v2\/comments?post=6670"}],"version-history":[{"count":4,"href":"https:\/\/oil-change.info\/es\/wp-json\/wp\/v2\/pages\/6670\/revisions"}],"predecessor-version":[{"id":16581,"href":"https:\/\/oil-change.info\/es\/wp-json\/wp\/v2\/pages\/6670\/revisions\/16581"}],"wp:attachment":[{"href":"https:\/\/oil-change.info\/es\/wp-json\/wp\/v2\/media?parent=6670"}],"curies":[{"name":"wp","href":"https:\/\/api.w.org\/{rel}","templated":true}]}}