{"id":9882,"date":"2018-09-12T15:31:44","date_gmt":"2018-09-12T15:31:44","guid":{"rendered":"https:\/\/oil-change.info\/?page_id=9882"},"modified":"2021-06-21T06:24:12","modified_gmt":"2021-06-21T06:24:12","slug":"cantidad-de-aceite-de-motor-ford-explorer","status":"publish","type":"page","link":"https:\/\/oil-change.info\/es\/cantidad-de-aceite-de-motor-ford-explorer\/","title":{"rendered":"Cantidad de aceite de motor Ford Explorer"},"content":{"rendered":"<p><ul>\n \t<li><strong>Motor: <\/strong> C\u00f3digo de motor. Una secuencia de c\u00f3digo que consta de letras y n\u00fameros. El c\u00f3digo del motor incluye el tipo de bloque del motor y la familia del motor, pero tambi\u00e9n puede contener otra informaci\u00f3n.<\/li>\n \t<li><strong>Capacidad: <\/strong> Cantidad de aceite de motor \/ Capacidad filtro (litros \/ Cuartos de gal\u00f3n US)<\/li>\n \t<li><strong>Intervalo: <\/strong> Intervalos de cambio de aceite. El aceite del motor debe cambiarse a m\u00e1s tardar despu\u00e9s de este tiempo o despu\u00e9s de kil\u00f3metros\/km, lo que ocurra primero.<\/li>\n<\/ul>\n<p><strong>El filtro de aceite debe sustituirse cada vez que se cambie el aceite, a menos que el manual de instrucciones del coche recomiende lo contrario.<\/strong><\/p>\n<script async src=\"https:\/\/pagead2.googlesyndication.com\/pagead\/js\/adsbygoogle.js?client=ca-pub-6038864634240180\"\n     crossorigin=\"anonymous\"><\/script>\n<!-- oil-change-es-center -->\n<ins class=\"adsbygoogle\"\n     style=\"display:block\"\n     data-ad-client=\"ca-pub-6038864634240180\"\n     data-ad-slot=\"3708079678\"\n     data-ad-format=\"auto\"\n     data-full-width-responsive=\"true\"><\/ins>\n<script>\n     (adsbygoogle = window.adsbygoogle || []).push({});\n<\/script>\n\n<amp-ad width=\"100vw\" height=\"320\"\n     type=\"adsense\"\n     data-ad-client=\"ca-pub-6038864634240180\"\n     data-ad-slot=\"4999611438\"\n     data-auto-format=\"rspv\"\n     data-full-width=\"\">\n  <div overflow=\"\"><\/div>\n<\/amp-ad>\n\n<br>\n\n<strong>Modelo: Ford\u00a0Explorer (1995 &#8211; ) (USA)<\/strong><\/p>\n<table border=\"1\">\n<tbody>\n<tr>\n<th><img loading=\"lazy\" decoding=\"async\" class=\"alignnone size-full wp-image-9883\" src=\"https:\/\/oil-change.info\/es\/wp-content\/uploads\/ford_explorer.jpg\" alt=\"Ford\u00a0Explorer (1995 - ) (USA)\" width=\"178\" height=\"90\" \/><\/th>\n<th>Motor<\/th>\n<th>Capacidad<\/th>\n<th>Intervalo<\/th>\n<\/tr>\n<tr>\n<td>Explorer 2.0 EcoBoost (2012 &#8211; 2016)<\/td>\n<td>EcoBoost<\/td>\n<td>5.4<\/td>\n<td>10 000 millas\/ 12 meses<\/td>\n<\/tr>\n<tr>\n<td>Explorer 2.3 EcoBoost (2016 &#8211; )<\/td>\n<td>EcoBoost<\/td>\n<td>5.4<\/td>\n<td>Uso: Flexible (m\u00e1x.)<br \/>\n10 000 millas\/ 12 meses<br \/>\nUso: Severo<br \/>\n6 meses\/ 5 000 millas<\/td>\n<\/tr>\n<tr>\n<td colspan=\"4\"><\/td>\n<\/tr>\n<tr>\n<td>Explorer 2.3 EcoBoost AWD (2016 &#8211; )<\/td>\n<td>EcoBoost<\/td>\n<td>5.4<\/td>\n<td>Uso: Flexible (m\u00e1x.)<br \/>\n10 000 millas\/ 12 meses<br \/>\nUso: Severo<br \/>\n6 meses\/ 5 000 millas<\/td>\n<\/tr>\n<tr>\n<td>Explorer 3.5 V6 (2011 &#8211; 2011)<\/td>\n<td>Duratec 35<\/td>\n<td>5.7<\/td>\n<td>10 000 millas\/ 12 meses<\/td>\n<\/tr>\n<tr>\n<td>Explorer 3.5 Ti-VCT V6 (2012 &#8211; 2016)<\/td>\n<td>Ti-VCT<\/td>\n<td>5.7<\/td>\n<td>Uso: Severo<br \/>\n5 000 millas<br \/>\nUso: Flexible (m\u00e1x.)<br \/>\n10 000 millas\/ 12 meses<\/td>\n<\/tr>\n<tr>\n<td>Explorer 3.5 Ti-VCT V6 (2017 &#8211; )<\/td>\n<td>Ti-VCT<\/td>\n<td>5.7<\/td>\n<td>Uso: Flexible (m\u00e1x.)<br \/>\n10 000 millas\/ 12 meses<br \/>\nUso: Severo<br \/>\n6 meses\/ 5 000 millas<\/td>\n<\/tr>\n<tr>\n<td>Explorer 3.5 V6 4&#215;4 (2011 &#8211; 2011)<\/td>\n<td>Duratec 35<\/td>\n<td>5.7<\/td>\n<td>10 000 millas\/ 12 meses<\/td>\n<\/tr>\n<tr>\n<td>Explorer 3.5 Ti-VCT V6 AWD (2012 &#8211; 2016)<\/td>\n<td>Ti-VCT<\/td>\n<td>5.7<\/td>\n<td>Uso: Severo<br \/>\n5 000 millas<br \/>\nUso: Flexible (m\u00e1x.)<br \/>\n10 000 millas\/ 12 meses<\/td>\n<\/tr>\n<tr>\n<td>Explorer 3.5 Ti-VCT V6 AWD (2017 &#8211; )<\/td>\n<td>Ti-VCT<\/td>\n<td>5.7<\/td>\n<td>Uso: Flexible (m\u00e1x.)<br \/>\n10 000 millas\/ 12 meses<br \/>\nUso: Severo<br \/>\n6 meses\/ 5 000 millas<\/td>\n<\/tr>\n<tr>\n<td>Explorer 3.5 EcoBoost V6 AWD (2013 &#8211; 2016)<\/td>\n<td>EcoBoost<\/td>\n<td>5.7<\/td>\n<td>10 000 millas\/ 12 meses<\/td>\n<\/tr>\n<tr>\n<td>Explorer 3.5 EcoBoost V6 AWD (2017 &#8211; )<\/td>\n<td>EcoBoost<\/td>\n<td>5.7<\/td>\n<td>Uso: Flexible (m\u00e1x.)<br \/>\n10 000 millas\/ 12 meses<br \/>\nUso: Severo<br \/>\n6 meses\/ 5 000 millas<\/td>\n<\/tr>\n<tr>\n<td>Explorer 4.0 V6 (1995 &#8211; 2002)<\/td>\n<td><\/td>\n<td>4.7<\/td>\n<td>Uso: Normal<br \/>\n8 000 km<br \/>\nUso: Severo<br \/>\n5 000 km<\/td>\n<\/tr>\n<tr>\n<td>Explorer 4.0 V6 (2002 &#8211; 2006)<\/td>\n<td><\/td>\n<td>4.7<\/td>\n<td>8 000 km\/ 12 meses<\/td>\n<\/tr>\n<tr>\n<td>Explorer 4.0 V6 (2006 &#8211; 2010)<\/td>\n<td><\/td>\n<td>4.7<\/td>\n<td>Uso: Normal<br \/>\n6 meses\/ 5 000 millas<br \/>\nUso: Severo<br \/>\n3 000 millas\/3 meses\/200 horas<\/td>\n<\/tr>\n<tr>\n<td>Explorer 4.0 V6 4&#215;4 (2006 &#8211; 2010)<\/td>\n<td><\/td>\n<td>4.7<\/td>\n<td>Uso: Normal<br \/>\n6 meses\/ 5 000 millas<br \/>\nUso: Severo<br \/>\n3 000 millas\/3 meses\/200 horas<\/td>\n<\/tr>\n<tr>\n<td>Explorer 4.6 V8 (2002 &#8211; 2006)<\/td>\n<td>Triton<\/td>\n<td>5.7<\/td>\n<td>8 000 km\/ 12 meses<\/td>\n<\/tr>\n<tr>\n<td>Explorer 4.6 V8 (2006 &#8211; 2010)<\/td>\n<td><\/td>\n<td>5.7<\/td>\n<td>Uso: Normal<br \/>\n6 meses\/ 5 000 millas<br \/>\nUso: Severo<br \/>\n3 000 millas\/3 meses\/200 horas<\/td>\n<\/tr>\n<tr>\n<td>Explorer 4.6 V8 4&#215;4 (2006 &#8211; 2010)<\/td>\n<td><\/td>\n<td>5.7<\/td>\n<td>Uso: Normal<br \/>\n6 meses\/ 5 000 millas<br \/>\nUso: Severo<br \/>\n3 000 millas\/3 meses\/200 horas<\/td>\n<\/tr>\n<tr>\n<td>Explorer 4.9 V6 (1996 &#8211; 2002)<\/td>\n<td><\/td>\n<td>4.7<\/td>\n<td>Uso: Normal<br \/>\n8 000 km<br \/>\nUso: Severo<br \/>\n5 000 km<\/td>\n<\/tr>\n<\/tbody>\n<\/table>\n","protected":false},"excerpt":{"rendered":"<p>Modelo: Ford\u00a0Explorer (1995 &#8211; ) (USA) Motor Capacidad Intervalo Explorer 2.0 EcoBoost (2012 &#8211; 2016) EcoBoost 5.4 10 000 millas\/ 12 meses Explorer 2.3 EcoBoost (2016 &#8211; ) EcoBoost 5.4 Uso: Flexible (m\u00e1x.) 10 000 millas\/ 12 meses Uso: Severo 6 meses\/ 5 000 millas Explorer 2.3 EcoBoost AWD (2016 &#8211; ) EcoBoost 5.4 Uso: &hellip; <a href=\"https:\/\/oil-change.info\/es\/cantidad-de-aceite-de-motor-ford-explorer\/\" class=\"more-link\">Seguir leyendo <span class=\"screen-reader-text\">Cantidad de aceite de motor Ford Explorer<\/span> <span class=\"meta-nav\">&rarr;<\/span><\/a><\/p>\n","protected":false},"author":1,"featured_media":0,"parent":0,"menu_order":0,"comment_status":"closed","ping_status":"closed","template":"","meta":{"footnotes":""},"class_list":["post-9882","page","type-page","status-publish","hentry"],"_links":{"self":[{"href":"https:\/\/oil-change.info\/es\/wp-json\/wp\/v2\/pages\/9882","targetHints":{"allow":["GET"]}}],"collection":[{"href":"https:\/\/oil-change.info\/es\/wp-json\/wp\/v2\/pages"}],"about":[{"href":"https:\/\/oil-change.info\/es\/wp-json\/wp\/v2\/types\/page"}],"author":[{"embeddable":true,"href":"https:\/\/oil-change.info\/es\/wp-json\/wp\/v2\/users\/1"}],"replies":[{"embeddable":true,"href":"https:\/\/oil-change.info\/es\/wp-json\/wp\/v2\/comments?post=9882"}],"version-history":[{"count":3,"href":"https:\/\/oil-change.info\/es\/wp-json\/wp\/v2\/pages\/9882\/revisions"}],"predecessor-version":[{"id":15422,"href":"https:\/\/oil-change.info\/es\/wp-json\/wp\/v2\/pages\/9882\/revisions\/15422"}],"wp:attachment":[{"href":"https:\/\/oil-change.info\/es\/wp-json\/wp\/v2\/media?parent=9882"}],"curies":[{"name":"wp","href":"https:\/\/api.w.org\/{rel}","templated":true}]}}