{"id":2767,"date":"2015-05-13T23:23:21","date_gmt":"2015-05-13T23:23:21","guid":{"rendered":"https:\/\/wp.oil-change.info\/?page_id=2767"},"modified":"2021-01-25T05:32:55","modified_gmt":"2021-01-25T08:32:55","slug":"quantidade-de-oleo-de-motor-bmw-318","status":"publish","type":"page","link":"https:\/\/oil-change.info\/pt\/quantidade-de-oleo-de-motor-bmw-318\/","title":{"rendered":"Quantidade de \u00f3leo de motor BMW 318"},"content":{"rendered":"<ul>\n<li><strong>A:<\/strong>\u00a0 Motor (c\u00f3digo do motor)<\/li>\n<li><strong>B:<\/strong> Quantidade de \u00f3leo \/ Capacidade do filtro [litros]<br \/>\nQuantidade de \u00f3leo do motor em caso de mudan\u00e7a de \u00f3leo \/ capacidade do filtro de \u00f3leo<\/li>\n<li><strong>C:<\/strong> Intervalo de troca de \u00f3leo (km \/ m\u00eas, o que ocorrer primeiro)<\/li>\n<\/ul>\n<p>\u00c9 importante que o filtro de \u00f3leo seja trocado toda vez que voc\u00ea trocar o \u00f3leo!<br \/>\n<strong>Modelo: BMW S\u00e9rie 3, E30 (1986 &#8211; 1992) (EU) <\/strong><\/p>\n<table border=\"1\">\n<tbody>\n<tr>\n<th><img loading=\"lazy\" decoding=\"async\" class=\"alignnone size-full wp-image-6272\" src=\"https:\/\/oil-change.info\/wp-content\/uploads\/bmw_318_1987.jpg\" alt=\"1987 BMW 318\" width=\"132\" height=\"90\" \/><\/th>\n<th>A<\/th>\n<th>B<\/th>\n<th>C<\/th>\n<\/tr>\n<tr>\n<td>318i (1987 &#8211; 1991)<\/td>\n<td>M40<\/td>\n<td>4 \/ 0.25 l<\/td>\n<td><\/td>\n<\/tr>\n<tr>\n<td>318i cat\u00a0(1988 &#8211; 1991)<\/td>\n<td>M40<\/td>\n<td>4 \/ 0.25 l<\/td>\n<td><\/td>\n<\/tr>\n<tr>\n<td>318is (1989 &#8211; 1991)<\/td>\n<td>M42<\/td>\n<td>4.5 \/ 0.25 l<\/td>\n<td><\/td>\n<\/tr>\n<tr>\n<td colspan=\"4\"><\/td>\n<\/tr>\n<\/tbody>\n<\/table>\n<p><strong>Modelo: BMW S\u00e9rie 3, E36 (1990 &#8211; 2001)<\/strong>\u200b <strong>(EU) <\/strong><\/p>\n<table border=\"1\">\n<tbody>\n<tr>\n<th><img loading=\"lazy\" decoding=\"async\" class=\"alignnone size-full wp-image-6275\" src=\"https:\/\/oil-change.info\/wp-content\/uploads\/bmw_318_1995-1.jpg\" alt=\"1995 BMW 318\" width=\"132\" height=\"58\" \/><\/th>\n<th>A<\/th>\n<th>B<\/th>\n<th>C<\/th>\n<\/tr>\n<tr>\n<td>318i (1990 &#8211; 1994)<\/td>\n<td>M40<\/td>\n<td>4 \/ 0.25 l<\/td>\n<td><\/td>\n<\/tr>\n<tr>\n<td>318i (1992 &#8211; 2000)<\/td>\n<td>M42<\/td>\n<td>5 \/ 0.25 l<\/td>\n<td><\/td>\n<\/tr>\n<tr>\n<td>318is (1992 &#8211; 1996)<\/td>\n<td>M42<\/td>\n<td>5 l<\/td>\n<td><\/td>\n<\/tr>\n<tr>\n<td>318is (1995 &#8211; 1999)<\/td>\n<td>M44<\/td>\n<td>5 l<\/td>\n<td><\/td>\n<\/tr>\n<tr>\n<td>318ti Compact (1994 &#8211; 1996)<\/td>\n<td>M42<\/td>\n<td>5 l<\/td>\n<td><\/td>\n<\/tr>\n<tr>\n<td>318ti Compact (1995 &#8211; 2001)<\/td>\n<td>M44<\/td>\n<td>5 l<\/td>\n<td><\/td>\n<\/tr>\n<tr>\n<td>318tds (1994 &#8211; 1996)<\/td>\n<td>M41<\/td>\n<td>5.5 l<\/td>\n<td><\/td>\n<\/tr>\n<tr>\n<td>318tds Compact (1994 &#8211; 1996)<\/td>\n<td>M41<\/td>\n<td>5.5 l<\/td>\n<td><\/td>\n<\/tr>\n<tr>\n<td>318tds (1996 &#8211; 1999)<\/td>\n<td>M41<\/td>\n<td>5 l<\/td>\n<td><\/td>\n<\/tr>\n<tr>\n<td>318tds Compact (1996 &#8211; 1999)<\/td>\n<td>M41<\/td>\n<td>5 l<\/td>\n<td><\/td>\n<\/tr>\n<\/tbody>\n<\/table>\n<p><strong>Modelo: BMW S\u00e9rie 3, E46 (1998 &#8211; 2006)<\/strong>\u200b <strong>(EU) <\/strong><\/p>\n<table border=\"1\">\n<tbody>\n<tr>\n<th><img loading=\"lazy\" decoding=\"async\" class=\"alignnone size-full wp-image-6278\" src=\"https:\/\/oil-change.info\/wp-content\/uploads\/bmw_e46-2.jpg\" alt=\"BMW E46\" width=\"123\" height=\"92\" \/><\/th>\n<th>A<\/th>\n<th>B<\/th>\n<th>C<\/th>\n<\/tr>\n<tr>\n<td>318i (1998 &#8211; 2001)<\/td>\n<td>M43TU<\/td>\n<td>4 l<\/td>\n<td>20\u00a0000\u00a0km \/ 24 meses<\/td>\n<\/tr>\n<tr>\n<td>318i (2001 &#8211; 2004)<\/td>\n<td>N42<\/td>\n<td>4.25 l<\/td>\n<td>20\u00a0000\u00a0km \/ 24 meses<\/td>\n<\/tr>\n<tr>\n<td>318i (2004 &#8211; 2006)<\/td>\n<td>N46B20<\/td>\n<td>4.25 l<\/td>\n<td>20\u00a0000\u00a0km \/ 24 meses<\/td>\n<\/tr>\n<tr>\n<td>318d (2001 &#8211; 2003)<\/td>\n<td>M47<\/td>\n<td>5 l<\/td>\n<td>20\u00a0000\u00a0km \/ 24 meses<\/td>\n<\/tr>\n<tr>\n<td>318d (2002 &#8211; 2004)<\/td>\n<td>M47TU<\/td>\n<td>5.5 l<\/td>\n<td>24 meses<\/td>\n<\/tr>\n<\/tbody>\n<\/table>\n<p><strong>Modelo: BMW S\u00e9rie 3, E90 \/ E91 \/ E92 (2004 &#8211; 2013) (EU) <\/strong><\/p>\n<table border=\"1\">\n<tbody>\n<tr>\n<th><img loading=\"lazy\" decoding=\"async\" class=\"alignnone size-full wp-image-6280\" src=\"https:\/\/oil-change.info\/wp-content\/uploads\/bmw_e90-1.jpg\" alt=\"BMW E90\" width=\"140\" height=\"90\" \/><\/th>\n<th>A<\/th>\n<th>B<\/th>\n<th>C<\/th>\n<\/tr>\n<tr>\n<td>318i (2005 &#8211; 2007)<\/td>\n<td>N46B20<\/td>\n<td>4.25 l<\/td>\n<td>25 000 km \/ 24 meses<\/td>\n<\/tr>\n<tr>\n<td>318i (100 kW) (2007 &#8211; 2012)<\/td>\n<td>N43<\/td>\n<td>4.25 l<\/td>\n<td>25 000 km \/ 24 meses<\/td>\n<\/tr>\n<tr>\n<td>318i (105 kW) (2007 &#8211; 2012)<\/td>\n<td>N43<\/td>\n<td>4.25 l<\/td>\n<td>25 000 km \/ 24 meses<\/td>\n<\/tr>\n<tr>\n<td>318d (2005 &#8211; 2007)<\/td>\n<td>M47TU2<\/td>\n<td>5.5 l<\/td>\n<td>30\u00a0000\u00a0km \/ 24 meses<\/td>\n<\/tr>\n<tr>\n<td>318d DPF (2005 &#8211; 2007)<\/td>\n<td>M47TU2<\/td>\n<td>5.5 l<\/td>\n<td>30\u00a0000\u00a0km \/ 24 meses<\/td>\n<\/tr>\n<tr>\n<td>318d (100 kW) (2007 &#8211; 2012)<\/td>\n<td>N47<\/td>\n<td>5.5 l<\/td>\n<td>30\u00a0000\u00a0km \/ 24 meses<\/td>\n<\/tr>\n<tr>\n<td>318d (100 kW) DPF (2007 &#8211; 2012)<\/td>\n<td>N47<\/td>\n<td>5.5 l<\/td>\n<td>30\u00a0000\u00a0km \/ 24 meses<\/td>\n<\/tr>\n<tr>\n<td>318d (2007 &#8211; 2012)<\/td>\n<td>N47<\/td>\n<td>5.5 l<\/td>\n<td>30\u00a0000\u00a0km \/ 24 meses<\/td>\n<\/tr>\n<tr>\n<td>318d DPF (2007 &#8211; 2012)<\/td>\n<td>N47<\/td>\n<td>5.5 l<\/td>\n<td>30\u00a0000\u00a0km \/ 24 meses<\/td>\n<\/tr>\n<tr>\n<td>318i (105 kW) (2010 &#8211; 2013)<\/td>\n<td>N43<\/td>\n<td>4.25 l<\/td>\n<td>25 000 km \/ 24 meses<\/td>\n<\/tr>\n<\/tbody>\n<\/table>\n<p><strong>Modelo: BMW S\u00e9rie 3, F30 \/ F31 \/ F80 (2012 &#8211; ) (EU) <\/strong><\/p>\n<table border=\"1\">\n<tbody>\n<tr>\n<th><img loading=\"lazy\" decoding=\"async\" class=\"alignnone size-full wp-image-6282\" src=\"https:\/\/oil-change.info\/wp-content\/uploads\/bmw_f31.jpg\" alt=\"BMW F31\" width=\"132\" height=\"88\" \/><\/th>\n<th>A<\/th>\n<th>B<\/th>\n<th>C<\/th>\n<\/tr>\n<tr>\n<td>318d (2012 &#8211; 2015)<\/td>\n<td>N47D20<\/td>\n<td>\u00a05.2<\/td>\n<td>30\u00a0000\u00a0km \/ 24 meses<\/td>\n<\/tr>\n<tr>\n<td>318d xDrive (2013 &#8211; 2015)<\/td>\n<td>N47D20<\/td>\n<td>\u00a05.2<\/td>\n<td>30\u00a0000\u00a0km \/ 24 meses<\/td>\n<\/tr>\n<\/tbody>\n<\/table>\n","protected":false},"excerpt":{"rendered":"<p>A:\u00a0 Motor (c\u00f3digo do motor) B: Quantidade de \u00f3leo \/ Capacidade do filtro [litros] Quantidade de \u00f3leo do motor em caso de mudan\u00e7a de \u00f3leo \/ capacidade do filtro de \u00f3leo C: Intervalo de troca de \u00f3leo (km \/ m\u00eas, o que ocorrer primeiro) \u00c9 importante que o filtro de \u00f3leo seja trocado toda vez &hellip; <a href=\"https:\/\/oil-change.info\/pt\/quantidade-de-oleo-de-motor-bmw-318\/\" class=\"more-link\">Continuar a ler<span class=\"screen-reader-text\">Quantidade de \u00f3leo de motor BMW 318<\/span> <span class=\"meta-nav\">&rarr;<\/span><\/a><\/p>\n","protected":false},"author":1,"featured_media":0,"parent":0,"menu_order":0,"comment_status":"closed","ping_status":"closed","template":"","meta":{"footnotes":""},"class_list":["post-2767","page","type-page","status-publish","hentry"],"_links":{"self":[{"href":"https:\/\/oil-change.info\/pt\/wp-json\/wp\/v2\/pages\/2767","targetHints":{"allow":["GET"]}}],"collection":[{"href":"https:\/\/oil-change.info\/pt\/wp-json\/wp\/v2\/pages"}],"about":[{"href":"https:\/\/oil-change.info\/pt\/wp-json\/wp\/v2\/types\/page"}],"author":[{"embeddable":true,"href":"https:\/\/oil-change.info\/pt\/wp-json\/wp\/v2\/users\/1"}],"replies":[{"embeddable":true,"href":"https:\/\/oil-change.info\/pt\/wp-json\/wp\/v2\/comments?post=2767"}],"version-history":[{"count":2,"href":"https:\/\/oil-change.info\/pt\/wp-json\/wp\/v2\/pages\/2767\/revisions"}],"predecessor-version":[{"id":16325,"href":"https:\/\/oil-change.info\/pt\/wp-json\/wp\/v2\/pages\/2767\/revisions\/16325"}],"wp:attachment":[{"href":"https:\/\/oil-change.info\/pt\/wp-json\/wp\/v2\/media?parent=2767"}],"curies":[{"name":"wp","href":"https:\/\/api.w.org\/{rel}","templated":true}]}}