{"id":3303,"date":"2015-10-13T23:19:57","date_gmt":"2015-10-13T23:19:57","guid":{"rendered":"https:\/\/wp.oil-change.info\/?page_id=3303"},"modified":"2021-02-03T10:41:39","modified_gmt":"2021-02-03T12:41:39","slug":"quantidade-de-oleo-de-motor-chevrolet-captiva","status":"publish","type":"page","link":"https:\/\/oil-change.info\/pt\/quantidade-de-oleo-de-motor-chevrolet-captiva\/","title":{"rendered":"Quantidade de \u00f3leo de motor Chevrolet Captiva"},"content":{"rendered":"<ul>\n<li><strong>A:<\/strong>\u00a0 Motor (c\u00f3digo do motor)<\/li>\n<li><strong>B:<\/strong> Quantidade de \u00f3leo \/ Capacidade do filtro [litros]<br \/>\nQuantidade de \u00f3leo do motor em caso de mudan\u00e7a de \u00f3leo \/ capacidade do filtro de \u00f3leo<\/li>\n<li><strong>C:<\/strong> Intervalo de troca de \u00f3leo (km \/ m\u00eas, o que ocorrer primeiro)<\/li>\n<\/ul>\n<p>\u00c9 importante que o filtro de \u00f3leo seja trocado toda vez que voc\u00ea trocar o \u00f3leo!<br \/>\n<strong>Modelo: Chevrolet (EU) (Daewoo)\u00a0Captiva, C100 (2006 &#8211; 2011)<\/strong><\/p>\n<table border=\"1\">\n<tbody>\n<tr>\n<th><img loading=\"lazy\" decoding=\"async\" class=\"alignnone size-thumbnail wp-image-7057\" src=\"https:\/\/oil-change.info\/wp-content\/uploads\/chevrolet_captiva-150x90.jpg\" alt=\"Chevrolet (EU) (Daewoo)\u00a0Captiva, C100 (2006 - 2011)\" width=\"150\" height=\"90\" \/><\/th>\n<th>A<\/th>\n<th>B<\/th>\n<th>C<\/th>\n<\/tr>\n<tr>\n<td>Captiva 2.4 2WD (2006 &#8211; 2008)<\/td>\n<td><\/td>\n<td>4.5<\/td>\n<td>30 000 km\/ 12 meses<\/td>\n<\/tr>\n<tr>\n<td>Captiva 2.4 2WD (2008 &#8211; 2009)<\/td>\n<td><\/td>\n<td>4.7<\/td>\n<td>15 000 km\/ 12 meses<\/td>\n<\/tr>\n<tr>\n<td>Captiva 2.4 2WD (2010 &#8211; 2011)<\/td>\n<td><\/td>\n<td>4.7<\/td>\n<td>15 000 km\/ 12 meses<\/td>\n<\/tr>\n<tr>\n<td colspan=\"4\"><\/td>\n<\/tr>\n<tr>\n<td>Captiva 2.4 4WD (2006 &#8211; 2008)<\/td>\n<td><\/td>\n<td>4.5<\/td>\n<td>30 000 km\/ 12 meses<\/td>\n<\/tr>\n<tr>\n<td>Captiva 2.4 4WD (2008 &#8211; 2009)<\/td>\n<td><\/td>\n<td>4.5<\/td>\n<td>15 000 km\/ 12 meses<\/td>\n<\/tr>\n<tr>\n<td>Captiva 2.4 4WD (2010 &#8211; 2011)<\/td>\n<td><\/td>\n<td>4.5<\/td>\n<td>15 000 km\/ 12 meses<\/td>\n<\/tr>\n<tr>\n<td>Captiva 3.2 4WD (2006 &#8211; 2008)<\/td>\n<td><\/td>\n<td>7.4<\/td>\n<td>30 000 km\/ 12 meses<\/td>\n<\/tr>\n<tr>\n<td>Captiva 3.2 4WD (2008 &#8211; 2009)<\/td>\n<td><\/td>\n<td>7.4<\/td>\n<td>30 000 km\/ 12 meses<\/td>\n<\/tr>\n<tr>\n<td>Captiva 3.2 4WD (2010 &#8211; 2011)<\/td>\n<td><\/td>\n<td>7.4<\/td>\n<td>30 000 km\/ 12 meses<\/td>\n<\/tr>\n<tr>\n<td>Captiva 2.0D (93 kW) 2WD (2007 &#8211; 2009)<\/td>\n<td>VCDi<\/td>\n<td>6.2<\/td>\n<td>30 000 km\/ 12 meses<\/td>\n<\/tr>\n<tr>\n<td>Captiva 2.0D (93 kW) 2WD (2010 &#8211; 2011)<\/td>\n<td>VCDi<\/td>\n<td>6.2<\/td>\n<td>30 000 km\/ 12 meses<\/td>\n<\/tr>\n<tr>\n<td>Captiva 2.0D (110 kW) 4WD (2006 &#8211; 2009)<\/td>\n<td>VCDi<\/td>\n<td>6.2<\/td>\n<td>30 000 km\/ 12 meses<\/td>\n<\/tr>\n<tr>\n<td>Captiva 2.0D (110 kW) 4WD (2010 &#8211; 2011)<\/td>\n<td>VCDi<\/td>\n<td>6.2<\/td>\n<td>30 000 km\/ 12 meses<\/td>\n<\/tr>\n<\/tbody>\n<\/table>\n<p><strong><br \/>\nModelo:\u00a0Chevrolet (EU) (Daewoo)\u00a0Captiva, C140 (2011 &#8211; 2014)<\/strong><\/p>\n<table border=\"1\">\n<tbody>\n<tr>\n<th><img loading=\"lazy\" decoding=\"async\" class=\"alignnone size-thumbnail wp-image-7060\" src=\"https:\/\/oil-change.info\/wp-content\/uploads\/chevrolet_captiva_c140-150x90.jpg\" alt=\"Chevrolet (EU) (Daewoo)\u00a0Captiva, C140 (2011 - 2014)\" width=\"150\" height=\"90\" \/><\/th>\n<th>A<\/th>\n<th>B<\/th>\n<th>C<\/th>\n<\/tr>\n<tr>\n<td>Captiva 2.4 FWD (2011 &#8211; 2014)<\/td>\n<td><\/td>\n<td>4.7<\/td>\n<td>15 000 km\/ 12 meses<\/td>\n<\/tr>\n<tr>\n<td>Captiva 2.4 AWD (2011 &#8211; 2014)<\/td>\n<td><\/td>\n<td>4.7<\/td>\n<td>15 000 km\/ 12 meses<\/td>\n<\/tr>\n<tr>\n<td>Captiva 3.0 AWD (2011 &#8211; 2014)<\/td>\n<td><\/td>\n<td>5.7<\/td>\n<td>15 000 km\/ 12 meses<\/td>\n<\/tr>\n<tr>\n<td>Captiva 2.0D FWD (120 kW) (2013 &#8211; 2014)<\/td>\n<td>Z2.0 DMH<\/td>\n<td>6<\/td>\n<td>15 000 km\/ 12 meses<\/td>\n<\/tr>\n<tr>\n<td>Captiva 2.2D FWD (120 kW) (2011 &#8211; 2014)<\/td>\n<td><\/td>\n<td>6.2<\/td>\n<td>15 000 km\/ 12 meses<\/td>\n<\/tr>\n<tr>\n<td>Captiva 2.2D AWD (120 kW) (2011 &#8211; 2014)<\/td>\n<td><\/td>\n<td>6.2<\/td>\n<td>15 000 km\/ 12 meses<\/td>\n<\/tr>\n<tr>\n<td>Captiva 2.2D FWD (135 kW) (2011 &#8211; 2014)<\/td>\n<td><\/td>\n<td>6.2<\/td>\n<td>15 000 km\/ 12 meses<\/td>\n<\/tr>\n<tr>\n<td>Captiva 2.2D AWD (135 kW) (2011 &#8211; 2014)<\/td>\n<td><\/td>\n<td>6.2<\/td>\n<td>15 000 km\/ 12 meses<\/td>\n<\/tr>\n<\/tbody>\n<\/table>\n","protected":false},"excerpt":{"rendered":"<p>A:\u00a0 Motor (c\u00f3digo do motor) B: Quantidade de \u00f3leo \/ Capacidade do filtro [litros] Quantidade de \u00f3leo do motor em caso de mudan\u00e7a de \u00f3leo \/ capacidade do filtro de \u00f3leo C: Intervalo de troca de \u00f3leo (km \/ m\u00eas, o que ocorrer primeiro) \u00c9 importante que o filtro de \u00f3leo seja trocado toda vez &hellip; <a href=\"https:\/\/oil-change.info\/pt\/quantidade-de-oleo-de-motor-chevrolet-captiva\/\" class=\"more-link\">Continuar a ler<span class=\"screen-reader-text\">Quantidade de \u00f3leo de motor Chevrolet Captiva<\/span> <span class=\"meta-nav\">&rarr;<\/span><\/a><\/p>\n","protected":false},"author":1,"featured_media":0,"parent":0,"menu_order":0,"comment_status":"closed","ping_status":"closed","template":"","meta":{"footnotes":""},"class_list":["post-3303","page","type-page","status-publish","hentry"],"_links":{"self":[{"href":"https:\/\/oil-change.info\/pt\/wp-json\/wp\/v2\/pages\/3303","targetHints":{"allow":["GET"]}}],"collection":[{"href":"https:\/\/oil-change.info\/pt\/wp-json\/wp\/v2\/pages"}],"about":[{"href":"https:\/\/oil-change.info\/pt\/wp-json\/wp\/v2\/types\/page"}],"author":[{"embeddable":true,"href":"https:\/\/oil-change.info\/pt\/wp-json\/wp\/v2\/users\/1"}],"replies":[{"embeddable":true,"href":"https:\/\/oil-change.info\/pt\/wp-json\/wp\/v2\/comments?post=3303"}],"version-history":[{"count":1,"href":"https:\/\/oil-change.info\/pt\/wp-json\/wp\/v2\/pages\/3303\/revisions"}],"predecessor-version":[{"id":16796,"href":"https:\/\/oil-change.info\/pt\/wp-json\/wp\/v2\/pages\/3303\/revisions\/16796"}],"wp:attachment":[{"href":"https:\/\/oil-change.info\/pt\/wp-json\/wp\/v2\/media?parent=3303"}],"curies":[{"name":"wp","href":"https:\/\/api.w.org\/{rel}","templated":true}]}}