{"id":3771,"date":"2015-12-24T15:57:00","date_gmt":"2015-12-24T15:57:00","guid":{"rendered":"https:\/\/wp.oil-change.info\/?page_id=3771"},"modified":"2020-12-01T09:57:40","modified_gmt":"2020-12-01T12:57:40","slug":"quantidade-de-oleo-de-motor-chevrolet-trailblazer-usa","status":"publish","type":"page","link":"https:\/\/oil-change.info\/pt\/quantidade-de-oleo-de-motor-chevrolet-trailblazer-usa\/","title":{"rendered":"Quantidade de \u00f3leo de motor Chevrolet TrailBlazer (USA)"},"content":{"rendered":"<ul>\n<li><strong>A:<\/strong>\u00a0 Motor (c\u00f3digo do motor)<\/li>\n<li><strong>B:<\/strong> Quantidade de \u00f3leo \/ Capacidade do filtro [litros]<br \/>\nQuantidade de \u00f3leo do motor em caso de mudan\u00e7a de \u00f3leo \/ capacidade do filtro de \u00f3leo<\/li>\n<li><strong>C:<\/strong> Intervalo de troca de \u00f3leo (km \/ m\u00eas, o que ocorrer primeiro)<\/li>\n<\/ul>\n<p>\u00c9 importante que o filtro de \u00f3leo seja trocado toda vez que voc\u00ea trocar o \u00f3leo!<br \/>\n<strong>Modelo:\u00a0Chevrolet TrailBlazer (2001 &#8211; 2009) (USA)<\/strong><\/p>\n<table border=\"1\">\n<tbody>\n<tr>\n<th><img loading=\"lazy\" decoding=\"async\" class=\"alignnone size-full wp-image-3774\" src=\"https:\/\/oil-change.info\/wp-content\/uploads\/2015\/12\/chevrolet_trailblazer.jpg\" alt=\"Chevrolet TrailBlazer\" width=\"135\" height=\"90\" \/><\/th>\n<th>A<\/th>\n<th>Capacidade\/Capacidade do filtro<\/th>\n<th>C<\/th>\n<\/tr>\n<tr>\n<td>TrailBlazer 4.2 24V (2001 &#8211; 2005)<\/td>\n<td>LL8<\/td>\n<td>6.6 l 6.97 Quarto \/ Filtro: n\/a<\/td>\n<td>12 meses<\/td>\n<\/tr>\n<tr>\n<td>TrailBlazer 4.2 24V (2006 &#8211; 2009)<\/td>\n<td>LL8<\/td>\n<td>6.6 l 6.97 Quarto \/ Filtro: n\/a<\/td>\n<td>12 meses<\/td>\n<\/tr>\n<tr>\n<td>TrailBlazer 5.3 V8 (2003 &#8211; 2004)<\/td>\n<td>LM4<\/td>\n<td>5.7 l 6.02 Quarto \/ Filtro: n\/a<\/td>\n<td>12 meses<\/td>\n<\/tr>\n<tr>\n<td colspan=\"4\"><\/td>\n<\/tr>\n<tr>\n<td>TrailBlazer 5.3 V8 (2005 &#8211; 2009)<\/td>\n<td>LM4<\/td>\n<td>5.7 l 6.02 Quarto \/ Filtro: n\/a<\/td>\n<td>12 meses<\/td>\n<\/tr>\n<tr>\n<td>TrailBlazer SS 6.0 V8 (2005 &#8211; 2009)<\/td>\n<td>LS2<\/td>\n<td>5.7 l 6.02 Quarto \/ Filtro: n\/a<\/td>\n<td>12 meses<\/td>\n<\/tr>\n<\/tbody>\n<\/table>\n","protected":false},"excerpt":{"rendered":"<p>A:\u00a0 Motor (c\u00f3digo do motor) B: Quantidade de \u00f3leo \/ Capacidade do filtro [litros] Quantidade de \u00f3leo do motor em caso de mudan\u00e7a de \u00f3leo \/ capacidade do filtro de \u00f3leo C: Intervalo de troca de \u00f3leo (km \/ m\u00eas, o que ocorrer primeiro) \u00c9 importante que o filtro de \u00f3leo seja trocado toda vez &hellip; <a href=\"https:\/\/oil-change.info\/pt\/quantidade-de-oleo-de-motor-chevrolet-trailblazer-usa\/\" class=\"more-link\">Continuar a ler<span class=\"screen-reader-text\">Quantidade de \u00f3leo de motor Chevrolet TrailBlazer (USA)<\/span> <span class=\"meta-nav\">&rarr;<\/span><\/a><\/p>\n","protected":false},"author":1,"featured_media":0,"parent":0,"menu_order":0,"comment_status":"closed","ping_status":"closed","template":"","meta":{"footnotes":""},"class_list":["post-3771","page","type-page","status-publish","hentry"],"_links":{"self":[{"href":"https:\/\/oil-change.info\/pt\/wp-json\/wp\/v2\/pages\/3771","targetHints":{"allow":["GET"]}}],"collection":[{"href":"https:\/\/oil-change.info\/pt\/wp-json\/wp\/v2\/pages"}],"about":[{"href":"https:\/\/oil-change.info\/pt\/wp-json\/wp\/v2\/types\/page"}],"author":[{"embeddable":true,"href":"https:\/\/oil-change.info\/pt\/wp-json\/wp\/v2\/users\/1"}],"replies":[{"embeddable":true,"href":"https:\/\/oil-change.info\/pt\/wp-json\/wp\/v2\/comments?post=3771"}],"version-history":[{"count":1,"href":"https:\/\/oil-change.info\/pt\/wp-json\/wp\/v2\/pages\/3771\/revisions"}],"predecessor-version":[{"id":15080,"href":"https:\/\/oil-change.info\/pt\/wp-json\/wp\/v2\/pages\/3771\/revisions\/15080"}],"wp:attachment":[{"href":"https:\/\/oil-change.info\/pt\/wp-json\/wp\/v2\/media?parent=3771"}],"curies":[{"name":"wp","href":"https:\/\/api.w.org\/{rel}","templated":true}]}}